{"id":923,"date":"2021-02-06T03:50:55","date_gmt":"2021-02-06T02:50:55","guid":{"rendered":"https:\/\/michaelbern.com\/product\/balmain-classic-r-gent-small-second-4\/"},"modified":"2022-04-08T15:28:31","modified_gmt":"2022-04-08T13:28:31","slug":"balmain-classic-r-gent-small-second-4","status":"publish","type":"product","link":"https:\/\/michaelbern.com\/de\/product\/balmain-classic-r-gent-small-second-4\/","title":{"rendered":"Balmain Classic R Gent Small Second"},"content":{"rendered":"<p>Die Madrigal Chrono von Balmain. Wiedervereinigung von klassischem Stil und modischem Charme<br \/>\nDort, wo Geschmack auf Know-how trifft, ist ein Name immer pr\u00e4sent: Pierre Balmain. Der Designer aus der Pariser Haute Couture hat seinerzeit die Modewelt umgew\u00e4lzt. Sein Erbe wird heute von einer Uhrenmarke gepflegt, die zu einem grossen Schweizer Konzern geh\u00f6rt. Letzterer stellt Montres Balmain technische und Vertriebsressourcen sowie langj\u00e4hrige Erfahrung im Bereich Uhrmacherei zur Verf\u00fcgung. Montres Pierre Balmain hat seinen Sitz in Saint-Imier im Berner Jura in der Schweiz. Es befindet sich damit direkt im Herzen des \u201eTales der Uhren\u201c, einer Region, in der die Menschen sich seit Generationen der Uhrmacherei verschrieben haben.<\/p>\n","protected":false},"excerpt":{"rendered":"<p>Die Madrigal Chrono von Balmain. Wiedervereinigung von klassischem Stil und modischem Charme Dort, wo Geschmack auf Know-how trifft, ist ein Name immer pr\u00e4sent: Pierre Balmain. Der Designer aus der Pariser Haute Couture hat seinerzeit die Modewelt umgew\u00e4lzt. Sein Erbe wird heute von einer Uhrenmarke gepflegt, die zu einem grossen Schweizer Konzern geh\u00f6rt. Letzterer stellt Montres [&hellip;]<\/p>\n","protected":false},"featured_media":922,"comment_status":"open","ping_status":"closed","template":"","meta":{"inline_featured_image":false},"product_brand":[],"product_cat":[101,56],"product_tag":[],"class_list":{"0":"post-923","1":"product","2":"type-product","3":"status-publish","4":"has-post-thumbnail","6":"product_cat-balmain","7":"product_cat-uhren","8":"post-item","10":"first","11":"outofstock","12":"taxable","13":"shipping-taxable","14":"purchasable","15":"product-type-simple"},"_links":{"self":[{"href":"https:\/\/michaelbern.com\/de\/wp-json\/wp\/v2\/product\/923","targetHints":{"allow":["GET"]}}],"collection":[{"href":"https:\/\/michaelbern.com\/de\/wp-json\/wp\/v2\/product"}],"about":[{"href":"https:\/\/michaelbern.com\/de\/wp-json\/wp\/v2\/types\/product"}],"replies":[{"embeddable":true,"href":"https:\/\/michaelbern.com\/de\/wp-json\/wp\/v2\/comments?post=923"}],"wp:featuredmedia":[{"embeddable":true,"href":"https:\/\/michaelbern.com\/de\/wp-json\/wp\/v2\/media\/922"}],"wp:attachment":[{"href":"https:\/\/michaelbern.com\/de\/wp-json\/wp\/v2\/media?parent=923"}],"wp:term":[{"taxonomy":"product_brand","embeddable":true,"href":"https:\/\/michaelbern.com\/de\/wp-json\/wp\/v2\/product_brand?post=923"},{"taxonomy":"product_cat","embeddable":true,"href":"https:\/\/michaelbern.com\/de\/wp-json\/wp\/v2\/product_cat?post=923"},{"taxonomy":"product_tag","embeddable":true,"href":"https:\/\/michaelbern.com\/de\/wp-json\/wp\/v2\/product_tag?post=923"}],"curies":[{"name":"wp","href":"https:\/\/api.w.org\/{rel}","templated":true}]}}