{"id":794,"date":"2021-02-06T03:49:56","date_gmt":"2021-02-06T02:49:56","guid":{"rendered":"https:\/\/michaelbern.com\/product\/tissot-classic-dream-swissmatic\/"},"modified":"2022-04-08T15:28:42","modified_gmt":"2022-04-08T13:28:42","slug":"tissot-classic-dream-swissmatic","status":"publish","type":"product","link":"https:\/\/michaelbern.com\/de\/product\/tissot-classic-dream-swissmatic\/","title":{"rendered":"Tissot Classic Dream Swissmatic"},"content":{"rendered":"<p>Die beliebte Tissot Classic Dream Kollektion wurde \u00fcberarbeitet und mit einem neuen Design ausgestattet. An dem urspr\u00fcnglichen Ziel als klassische und elegante Uhr f\u00fcr jeden Tag zu dienen hat sich allerdings nichts ge\u00e4ndert. Der zeitlose Stil macht die Uhr zu einem immerw\u00e4hrenden Klassiker. Die Classic Dream Swissmatic verf\u00fcgt \u00fcber ein Swiss-Made Automatikwerk mit einer Gangreserve von bis zu 3 Tagen und ist mit einer Nivachron-Spiralfeder versehen, welche f\u00fcr eine herausragende Magnetfeldsicherheit bekannt ist. Das Zifferblatt mit Datumsanzeige und gesplitteten Indizes geben der Uhr den besonderen Schliff. Dieses Modell verf\u00fcgt \u00fcber ein Bicolor 316L-Edelstahlgeh\u00e4use mit rosegoldfarbener PVD-Beschichtung und einem silberfarbenes Zifferblatt, welches von dem entspiegelten, kratzfestem Saphirglas gesch\u00fctzt wird. Das massive Bicolor 316L-Edelstahlarmband mit rosegoldfarbener PVD-Beschichtung besitzt eine Butterflyschlie\u00dfe mit Dr\u00fcckern.<\/p>\n","protected":false},"excerpt":{"rendered":"<p>Die beliebte Tissot Classic Dream Kollektion wurde \u00fcberarbeitet und mit einem neuen Design ausgestattet. An dem urspr\u00fcnglichen Ziel als klassische und elegante Uhr f\u00fcr jeden Tag zu dienen hat sich allerdings nichts ge\u00e4ndert. Der zeitlose Stil macht die Uhr zu einem immerw\u00e4hrenden Klassiker. Die Classic Dream Swissmatic verf\u00fcgt \u00fcber ein Swiss-Made Automatikwerk mit einer Gangreserve [&hellip;]<\/p>\n","protected":false},"featured_media":789,"comment_status":"open","ping_status":"closed","template":"","meta":{"inline_featured_image":false},"product_brand":[],"product_cat":[98,56],"product_tag":[],"class_list":{"0":"post-794","1":"product","2":"type-product","3":"status-publish","4":"has-post-thumbnail","6":"product_cat-tissot","7":"product_cat-uhren","8":"post-item","10":"first","11":"outofstock","12":"taxable","13":"shipping-taxable","14":"purchasable","15":"product-type-simple"},"_links":{"self":[{"href":"https:\/\/michaelbern.com\/de\/wp-json\/wp\/v2\/product\/794","targetHints":{"allow":["GET"]}}],"collection":[{"href":"https:\/\/michaelbern.com\/de\/wp-json\/wp\/v2\/product"}],"about":[{"href":"https:\/\/michaelbern.com\/de\/wp-json\/wp\/v2\/types\/product"}],"replies":[{"embeddable":true,"href":"https:\/\/michaelbern.com\/de\/wp-json\/wp\/v2\/comments?post=794"}],"wp:featuredmedia":[{"embeddable":true,"href":"https:\/\/michaelbern.com\/de\/wp-json\/wp\/v2\/media\/789"}],"wp:attachment":[{"href":"https:\/\/michaelbern.com\/de\/wp-json\/wp\/v2\/media?parent=794"}],"wp:term":[{"taxonomy":"product_brand","embeddable":true,"href":"https:\/\/michaelbern.com\/de\/wp-json\/wp\/v2\/product_brand?post=794"},{"taxonomy":"product_cat","embeddable":true,"href":"https:\/\/michaelbern.com\/de\/wp-json\/wp\/v2\/product_cat?post=794"},{"taxonomy":"product_tag","embeddable":true,"href":"https:\/\/michaelbern.com\/de\/wp-json\/wp\/v2\/product_tag?post=794"}],"curies":[{"name":"wp","href":"https:\/\/api.w.org\/{rel}","templated":true}]}}