{"id":788,"date":"2021-02-06T03:49:53","date_gmt":"2021-02-06T02:49:53","guid":{"rendered":"https:\/\/michaelbern.com\/product\/tissot-heritage-navigator-160th-anniversary-automatic\/"},"modified":"2022-04-08T15:28:42","modified_gmt":"2022-04-08T13:28:42","slug":"tissot-heritage-navigator-160th-anniversary-automatic","status":"publish","type":"product","link":"https:\/\/michaelbern.com\/de\/product\/tissot-heritage-navigator-160th-anniversary-automatic\/","title":{"rendered":"Tissot Heritage Navigator 160th Anniversary Automatic"},"content":{"rendered":"<p>Tissot zelebriert das 160-j\u00e4hrige Firmenjubil\u00e4um mit einer Uhr, die speziell f\u00fcr ihre Hundertjahrfeier 1953 kreiert wurde und die Leidenschaft der Marke f\u00fcr das Erschliessen neuer Horizonte widerspiegelt. Die Tissot Heritage Navigator ist die ultimative Uhr f\u00fcr Reisende. Sie ist unverkennbar klassisch und gleichzeitig die ideale Begleiterin f\u00fcr den modernen Gesch\u00e4ftsmann. Dank der Pr\u00e4zision ihres COSC zertifizierten Automatikwerkes und mehreren Zeitzonen ist man mit ihr rund um den Globus immer zur richtigen Zeit am richtigen Ort. Sie ber\u00fccksichtigt auch Zeitverschiebungen \u2013 eine \u00e4usserst n\u00fctzliche Funktion, wenn es darum geht, Telefonkonferenzen mit Teilnehmern aus verschiedenen Teilen der Welt zu organisieren. Ist die Uhr auf das gew\u00fcnschte Land eingestellt, wird diese Zeitzone auf dem Zahlenring der L\u00fcnette angegeben. Die Zeit der anderen 23 L\u00e4nder wird auf dem Minutenring des Zifferblattes auf H\u00f6he ihrer jeweiligen Hauptst\u00e4dte angezeigt. Dieses Modell ist ein perfektes Beispiel f\u00fcr die Tradition und Innovation des Unternehmens. Das Ziel von Tissot war stets, den Kunden unentbehrliche Pr\u00e4zision zu bieten, und die Tissot Heritage Navigator beweist, dass das auch heute \u2013 nach 160 Jahren \u2013 noch gilt. Dieses Modell ist ein perfektes Beispiel f\u00fcr die Tradition und Innovation des Unternehmens. Das Ziel von Tissot war stets, den Kunden unentbehrliche Pr\u00e4zision zu bieten, und die Tissot Heritage Navigator beweist, dass das auch heute \u2013 nach 160 Jahren \u2013 noch gilt.<\/p>\n","protected":false},"excerpt":{"rendered":"<p>Tissot zelebriert das 160-j\u00e4hrige Firmenjubil\u00e4um mit einer Uhr, die speziell f\u00fcr ihre Hundertjahrfeier 1953 kreiert wurde und die Leidenschaft der Marke f\u00fcr das Erschliessen neuer Horizonte widerspiegelt. Die Tissot Heritage Navigator ist die ultimative Uhr f\u00fcr Reisende. Sie ist unverkennbar klassisch und gleichzeitig die ideale Begleiterin f\u00fcr den modernen Gesch\u00e4ftsmann. Dank der Pr\u00e4zision ihres COSC [&hellip;]<\/p>\n","protected":false},"featured_media":782,"comment_status":"open","ping_status":"closed","template":"","meta":{"inline_featured_image":false},"product_brand":[],"product_cat":[98,56],"product_tag":[],"class_list":{"0":"post-788","1":"product","2":"type-product","3":"status-publish","4":"has-post-thumbnail","6":"product_cat-tissot","7":"product_cat-uhren","8":"post-item","10":"first","11":"outofstock","12":"taxable","13":"shipping-taxable","14":"purchasable","15":"product-type-simple"},"_links":{"self":[{"href":"https:\/\/michaelbern.com\/de\/wp-json\/wp\/v2\/product\/788","targetHints":{"allow":["GET"]}}],"collection":[{"href":"https:\/\/michaelbern.com\/de\/wp-json\/wp\/v2\/product"}],"about":[{"href":"https:\/\/michaelbern.com\/de\/wp-json\/wp\/v2\/types\/product"}],"replies":[{"embeddable":true,"href":"https:\/\/michaelbern.com\/de\/wp-json\/wp\/v2\/comments?post=788"}],"wp:featuredmedia":[{"embeddable":true,"href":"https:\/\/michaelbern.com\/de\/wp-json\/wp\/v2\/media\/782"}],"wp:attachment":[{"href":"https:\/\/michaelbern.com\/de\/wp-json\/wp\/v2\/media?parent=788"}],"wp:term":[{"taxonomy":"product_brand","embeddable":true,"href":"https:\/\/michaelbern.com\/de\/wp-json\/wp\/v2\/product_brand?post=788"},{"taxonomy":"product_cat","embeddable":true,"href":"https:\/\/michaelbern.com\/de\/wp-json\/wp\/v2\/product_cat?post=788"},{"taxonomy":"product_tag","embeddable":true,"href":"https:\/\/michaelbern.com\/de\/wp-json\/wp\/v2\/product_tag?post=788"}],"curies":[{"name":"wp","href":"https:\/\/api.w.org\/{rel}","templated":true}]}}