{"id":3660,"date":"2021-02-06T04:19:35","date_gmt":"2021-02-06T03:19:35","guid":{"rendered":"https:\/\/michaelbern.com\/product\/tissot-v8-swissmatic-2\/"},"modified":"2022-04-08T15:24:02","modified_gmt":"2022-04-08T13:24:02","slug":"tissot-v8-swissmatic-2","status":"publish","type":"product","link":"https:\/\/michaelbern.com\/de\/product\/tissot-v8-swissmatic-2\/","title":{"rendered":"Tissot V8 Swissmatic"},"content":{"rendered":"<p>Die Tissot V8 ist die ideale Uhr f\u00fcr alle, die adrenalingeladene Stimmungen lieben und sportlich elegante Uhren.<br \/>\nDesign- und Autoliebhaber werden diese im Vintagestil inspirierten Eigenschaften der Tissot V 8 wie die polierten Kanten am Geh\u00e4use, die gesch\u00fctzte Krone sowie die teilweise gel\u00f6cherten Lederarmb\u00e4nder lieben. Stilvolle Kombinationen aus Nostalgie und High-Tech-Materialien kennzeichnen die leistungsstarke Sportuhr am Handgelenk. Bis zu drei Tage Gangreserve stellt das Swiss Made Automatikwerk bereit, dessen Details der gl\u00e4serne Sichtboden freigibt.<br \/>\nDieses Modell aus der Tissot V8 Kollektion hat ein gel\u00f6chertes, schwarzes Lederarmband mit Dornschliesse sowie ein schwarzes Zifferblatt mit Indizes. Das 316L &#8211; Edelstahlgeh\u00e4use besitzt eine schwarze Aluminiuml\u00fcnette und hat einen gl\u00e4sernen Geh\u00e4useboden. Die Tissot V8 ist mit kratzfesten Saphirglas ausger\u00fcstet.<\/p>\n","protected":false},"excerpt":{"rendered":"<p>Die Tissot V8 ist die ideale Uhr f\u00fcr alle, die adrenalingeladene Stimmungen lieben und sportlich elegante Uhren. Design- und Autoliebhaber werden diese im Vintagestil inspirierten Eigenschaften der Tissot V 8 wie die polierten Kanten am Geh\u00e4use, die gesch\u00fctzte Krone sowie die teilweise gel\u00f6cherten Lederarmb\u00e4nder lieben. Stilvolle Kombinationen aus Nostalgie und High-Tech-Materialien kennzeichnen die leistungsstarke Sportuhr [&hellip;]<\/p>\n","protected":false},"featured_media":3654,"comment_status":"open","ping_status":"closed","template":"","meta":{"inline_featured_image":false},"product_brand":[],"product_cat":[98,56],"product_tag":[],"class_list":{"0":"post-3660","1":"product","2":"type-product","3":"status-publish","4":"has-post-thumbnail","6":"product_cat-tissot","7":"product_cat-uhren","8":"post-item","10":"first","11":"outofstock","12":"taxable","13":"shipping-taxable","14":"purchasable","15":"product-type-simple"},"_links":{"self":[{"href":"https:\/\/michaelbern.com\/de\/wp-json\/wp\/v2\/product\/3660","targetHints":{"allow":["GET"]}}],"collection":[{"href":"https:\/\/michaelbern.com\/de\/wp-json\/wp\/v2\/product"}],"about":[{"href":"https:\/\/michaelbern.com\/de\/wp-json\/wp\/v2\/types\/product"}],"replies":[{"embeddable":true,"href":"https:\/\/michaelbern.com\/de\/wp-json\/wp\/v2\/comments?post=3660"}],"wp:featuredmedia":[{"embeddable":true,"href":"https:\/\/michaelbern.com\/de\/wp-json\/wp\/v2\/media\/3654"}],"wp:attachment":[{"href":"https:\/\/michaelbern.com\/de\/wp-json\/wp\/v2\/media?parent=3660"}],"wp:term":[{"taxonomy":"product_brand","embeddable":true,"href":"https:\/\/michaelbern.com\/de\/wp-json\/wp\/v2\/product_brand?post=3660"},{"taxonomy":"product_cat","embeddable":true,"href":"https:\/\/michaelbern.com\/de\/wp-json\/wp\/v2\/product_cat?post=3660"},{"taxonomy":"product_tag","embeddable":true,"href":"https:\/\/michaelbern.com\/de\/wp-json\/wp\/v2\/product_tag?post=3660"}],"curies":[{"name":"wp","href":"https:\/\/api.w.org\/{rel}","templated":true}]}}