{"id":3638,"date":"2021-02-06T04:19:21","date_gmt":"2021-02-06T03:19:21","guid":{"rendered":"https:\/\/michaelbern.com\/product\/tissot-heritage-petite-seconde-2018\/"},"modified":"2022-04-08T15:24:03","modified_gmt":"2022-04-08T13:24:03","slug":"tissot-heritage-petite-seconde-2018","status":"publish","type":"product","link":"https:\/\/michaelbern.com\/de\/product\/tissot-heritage-petite-seconde-2018\/","title":{"rendered":"Tissot Heritage Petite Seconde 2018"},"content":{"rendered":"<p>Die beliebte Tissot Heritage Familie wird mit der Tissot Heritage Petite Seconde 2018 erweitert. Das stimmige Design dieser traditionellen Uhr, kombiniert mit verschiedenen Ausf\u00fchrungen, l\u00e4sst jedes Herz h\u00f6her schlagen. Die kleine Sekunde ist auf sechs Uhr positioniert und verziert das Zifferblatt mit dem Guilloche Muster. Die sch\u00f6n geschwungene, polierte L\u00fcnette rundet das Geh\u00e4use mit dem Sichtboden harmonisch ab, w\u00e4hrend die Indizes und die r\u00f6mische 12 das traditionelle Design unterstreichen. In der 45 Millimeter grossen Herrenuhr aus 316L-Edelstahl schl\u00e4gt ein mechanisches Swiss Made Uhrwerk mit Handaufzug. Das Lederarmband hat eine Faltschliesse.<\/p>\n","protected":false},"excerpt":{"rendered":"<p>Die beliebte Tissot Heritage Familie wird mit der Tissot Heritage Petite Seconde 2018 erweitert. Das stimmige Design dieser traditionellen Uhr, kombiniert mit verschiedenen Ausf\u00fchrungen, l\u00e4sst jedes Herz h\u00f6her schlagen. Die kleine Sekunde ist auf sechs Uhr positioniert und verziert das Zifferblatt mit dem Guilloche Muster. Die sch\u00f6n geschwungene, polierte L\u00fcnette rundet das Geh\u00e4use mit dem [&hellip;]<\/p>\n","protected":false},"featured_media":3633,"comment_status":"open","ping_status":"closed","template":"","meta":{"inline_featured_image":false},"product_brand":[],"product_cat":[98,56],"product_tag":[],"class_list":{"0":"post-3638","1":"product","2":"type-product","3":"status-publish","4":"has-post-thumbnail","6":"product_cat-tissot","7":"product_cat-uhren","8":"post-item","10":"first","11":"outofstock","12":"taxable","13":"shipping-taxable","14":"purchasable","15":"product-type-simple"},"_links":{"self":[{"href":"https:\/\/michaelbern.com\/de\/wp-json\/wp\/v2\/product\/3638","targetHints":{"allow":["GET"]}}],"collection":[{"href":"https:\/\/michaelbern.com\/de\/wp-json\/wp\/v2\/product"}],"about":[{"href":"https:\/\/michaelbern.com\/de\/wp-json\/wp\/v2\/types\/product"}],"replies":[{"embeddable":true,"href":"https:\/\/michaelbern.com\/de\/wp-json\/wp\/v2\/comments?post=3638"}],"wp:featuredmedia":[{"embeddable":true,"href":"https:\/\/michaelbern.com\/de\/wp-json\/wp\/v2\/media\/3633"}],"wp:attachment":[{"href":"https:\/\/michaelbern.com\/de\/wp-json\/wp\/v2\/media?parent=3638"}],"wp:term":[{"taxonomy":"product_brand","embeddable":true,"href":"https:\/\/michaelbern.com\/de\/wp-json\/wp\/v2\/product_brand?post=3638"},{"taxonomy":"product_cat","embeddable":true,"href":"https:\/\/michaelbern.com\/de\/wp-json\/wp\/v2\/product_cat?post=3638"},{"taxonomy":"product_tag","embeddable":true,"href":"https:\/\/michaelbern.com\/de\/wp-json\/wp\/v2\/product_tag?post=3638"}],"curies":[{"name":"wp","href":"https:\/\/api.w.org\/{rel}","templated":true}]}}