{"id":3593,"date":"2021-02-06T04:18:52","date_gmt":"2021-02-06T03:18:52","guid":{"rendered":"https:\/\/michaelbern.com\/product\/tissot-chemin-des-tourelles-powermatic-80-gent-2\/"},"modified":"2022-04-08T15:24:04","modified_gmt":"2022-04-08T13:24:04","slug":"tissot-chemin-des-tourelles-powermatic-80-gent-2","status":"publish","type":"product","link":"https:\/\/michaelbern.com\/de\/product\/tissot-chemin-des-tourelles-powermatic-80-gent-2\/","title":{"rendered":"Tissot Chemin des Tourelles Powermatic 80 Gent"},"content":{"rendered":"<p>Die Tissot Chemin des Tourelles ist eine ganz besondere Uhr, in der ein wichtiger Teil der Tissot-Geschichte verborgen ist. Sie hat ihren Namen von der Strasse im Schweizer Ort Le Locle, in der 1907 die Tissot-Manufaktur errichtet wurde und wo das Unternehmen auch heute noch zu finden ist. Die Uhr ehrt die reiche, 161-j\u00e4hrige Erfahrung des Unternehmens durch ein zeitgem\u00e4sses Design mit elegantem Geh\u00e4use.<br \/>\nDie Tissot Chemin des Tourelles pr\u00e4sentiert sich in einer Vielzahl verschiedener Versionen, doch alle Modelle legen grossen Wert auf Details und bieten genug, um jeden gl\u00fccklich zu machen. Diese Dreizeigeruhr besitzt ein blaues Zifferblatt mit Sonnenschliff mit Clous de Paris Guillochierung unter den r\u00f6mischen Ziffern und eine Datumsanzeige.Das 316L-Edelstahlgeh\u00e4use mit Sichtboden hat ein gew\u00f6lbtes, kratzfestes Saphirglas mit Entspiegelungsbeschichtung, welches das Swiss-Made Powermatic 80 Werk sch\u00fctzt. Das blaue Lederarmband hat eine Butterfly-Faltschliesse mit Dr\u00fcckern.<\/p>\n","protected":false},"excerpt":{"rendered":"<p>Die Tissot Chemin des Tourelles ist eine ganz besondere Uhr, in der ein wichtiger Teil der Tissot-Geschichte verborgen ist. Sie hat ihren Namen von der Strasse im Schweizer Ort Le Locle, in der 1907 die Tissot-Manufaktur errichtet wurde und wo das Unternehmen auch heute noch zu finden ist. Die Uhr ehrt die reiche, 161-j\u00e4hrige Erfahrung [&hellip;]<\/p>\n","protected":false},"featured_media":3590,"comment_status":"open","ping_status":"closed","template":"","meta":{"inline_featured_image":false},"product_brand":[],"product_cat":[98,56],"product_tag":[],"class_list":{"0":"post-3593","1":"product","2":"type-product","3":"status-publish","4":"has-post-thumbnail","6":"product_cat-tissot","7":"product_cat-uhren","8":"post-item","10":"first","11":"outofstock","12":"taxable","13":"shipping-taxable","14":"purchasable","15":"product-type-simple"},"_links":{"self":[{"href":"https:\/\/michaelbern.com\/de\/wp-json\/wp\/v2\/product\/3593","targetHints":{"allow":["GET"]}}],"collection":[{"href":"https:\/\/michaelbern.com\/de\/wp-json\/wp\/v2\/product"}],"about":[{"href":"https:\/\/michaelbern.com\/de\/wp-json\/wp\/v2\/types\/product"}],"replies":[{"embeddable":true,"href":"https:\/\/michaelbern.com\/de\/wp-json\/wp\/v2\/comments?post=3593"}],"wp:featuredmedia":[{"embeddable":true,"href":"https:\/\/michaelbern.com\/de\/wp-json\/wp\/v2\/media\/3590"}],"wp:attachment":[{"href":"https:\/\/michaelbern.com\/de\/wp-json\/wp\/v2\/media?parent=3593"}],"wp:term":[{"taxonomy":"product_brand","embeddable":true,"href":"https:\/\/michaelbern.com\/de\/wp-json\/wp\/v2\/product_brand?post=3593"},{"taxonomy":"product_cat","embeddable":true,"href":"https:\/\/michaelbern.com\/de\/wp-json\/wp\/v2\/product_cat?post=3593"},{"taxonomy":"product_tag","embeddable":true,"href":"https:\/\/michaelbern.com\/de\/wp-json\/wp\/v2\/product_tag?post=3593"}],"curies":[{"name":"wp","href":"https:\/\/api.w.org\/{rel}","templated":true}]}}