{"id":3570,"date":"2021-02-06T04:18:39","date_gmt":"2021-02-06T03:18:39","guid":{"rendered":"https:\/\/michaelbern.com\/product\/tissot-t-complication-squelette\/"},"modified":"2022-04-08T15:24:06","modified_gmt":"2022-04-08T13:24:06","slug":"tissot-t-complication-squelette","status":"publish","type":"product","link":"https:\/\/michaelbern.com\/de\/product\/tissot-t-complication-squelette\/","title":{"rendered":"Tissot T-Complication Squelette"},"content":{"rendered":"<p>Die Marke Tissot legt mit der Tissot T-Complication Squelette die innersten Geheimnisse ihrer tief verwurzelten Kompetenz in der Herstellung von Pr\u00e4zisionsuhren sprichw\u00f6rtlich offen. Bei diesem Modell verbindet sich das Moderne mit dem exakten Handwerk und zeigt sich in dem von einem Rad inspirierten Design und dem speziell entwickelten Uhrwerk. Diese Kreation ist ein faszinierendes dreidimensionales Erlebnis, das so manches Auge in seinen Bann ziehen wird. Hinter f\u00fcnf \u201eSpeichen\u201c, die sich unter dem Uhrenglas in alle Richtungen erstrecken, arbeitet unerm\u00fcdlich ein mechanisches skelettiertes Uhrwerk mit Handaufzug, das nichts verbirgt. Luxuri\u00f6se Verarbeitung und Designelemente vereinen Tradition mit modernem Styling \u2013 ideal f\u00fcr all jene, die Vergangenheit, Gegenwart und Zukunft zusammenbringen wollen. B\u00fchne frei f\u00fcr stilvolle Auftritte! Blick auf den Lauf der Zeit In der Pr\u00e4zisions-Uhrmacherkunst gilt f\u00fcr Fehler die Null-Toleranz, und auch bei der Tissot T-Complication Squelette, die ihre Genauigkeit offen zur Schau tr\u00e4gt, ist sie das Ma\u00df aller Dinge. Jedes noch so kleine Detail ist eine edle Hommage an den unverr\u00fcckbaren Lauf der Zeit. Elegante Akzente in Marineblau, umgeben von den farblich abgestimmten Schrauben des Werkes, machen das Ablesen der Zeit zu einer wahren Freude. Eine besonders moderne Note verleiht diesem Modell der rechte Winkel zwischen Zifferblatt und Geh\u00e4userand, und der ebenfalls gravierte Sekundenz\u00e4hler unterstreicht die absolute Transparenz. schr\u00e4g verlaufenden Einkerbungen auf der Krone, funkelnde Steine und B\u00fcgel, deren Form an die Speichen eines Rades erinnert, beweisen, dass kein Detail zu klein ist, um die Aufmerksamkeit von Uhrmachern und Uhrenliebhabern zu wecken. Das klassische schwarze Lederarmband mit Krokodil-Pr\u00e4gung wird von einer Faltschlie\u00dfe mit zwei Dr\u00fcckern vervollst\u00e4ndigt.<\/p>\n","protected":false},"excerpt":{"rendered":"<p>Die Marke Tissot legt mit der Tissot T-Complication Squelette die innersten Geheimnisse ihrer tief verwurzelten Kompetenz in der Herstellung von Pr\u00e4zisionsuhren sprichw\u00f6rtlich offen. Bei diesem Modell verbindet sich das Moderne mit dem exakten Handwerk und zeigt sich in dem von einem Rad inspirierten Design und dem speziell entwickelten Uhrwerk. Diese Kreation ist ein faszinierendes dreidimensionales [&hellip;]<\/p>\n","protected":false},"featured_media":3567,"comment_status":"open","ping_status":"closed","template":"","meta":{"inline_featured_image":false},"product_brand":[],"product_cat":[98,56],"product_tag":[],"class_list":{"0":"post-3570","1":"product","2":"type-product","3":"status-publish","4":"has-post-thumbnail","6":"product_cat-tissot","7":"product_cat-uhren","8":"post-item","10":"first","11":"outofstock","12":"taxable","13":"shipping-taxable","14":"purchasable","15":"product-type-simple"},"_links":{"self":[{"href":"https:\/\/michaelbern.com\/de\/wp-json\/wp\/v2\/product\/3570","targetHints":{"allow":["GET"]}}],"collection":[{"href":"https:\/\/michaelbern.com\/de\/wp-json\/wp\/v2\/product"}],"about":[{"href":"https:\/\/michaelbern.com\/de\/wp-json\/wp\/v2\/types\/product"}],"replies":[{"embeddable":true,"href":"https:\/\/michaelbern.com\/de\/wp-json\/wp\/v2\/comments?post=3570"}],"wp:featuredmedia":[{"embeddable":true,"href":"https:\/\/michaelbern.com\/de\/wp-json\/wp\/v2\/media\/3567"}],"wp:attachment":[{"href":"https:\/\/michaelbern.com\/de\/wp-json\/wp\/v2\/media?parent=3570"}],"wp:term":[{"taxonomy":"product_brand","embeddable":true,"href":"https:\/\/michaelbern.com\/de\/wp-json\/wp\/v2\/product_brand?post=3570"},{"taxonomy":"product_cat","embeddable":true,"href":"https:\/\/michaelbern.com\/de\/wp-json\/wp\/v2\/product_cat?post=3570"},{"taxonomy":"product_tag","embeddable":true,"href":"https:\/\/michaelbern.com\/de\/wp-json\/wp\/v2\/product_tag?post=3570"}],"curies":[{"name":"wp","href":"https:\/\/api.w.org\/{rel}","templated":true}]}}