{"id":3554,"date":"2021-02-06T04:18:28","date_gmt":"2021-02-06T03:18:28","guid":{"rendered":"https:\/\/michaelbern.com\/product\/tissot-t-race-motogp-2020-automatik-chronograph-limited-edition\/"},"modified":"2022-04-08T15:24:07","modified_gmt":"2022-04-08T13:24:07","slug":"tissot-t-race-motogp-2020-automatik-chronograph-limited-edition","status":"publish","type":"product","link":"https:\/\/michaelbern.com\/de\/product\/tissot-t-race-motogp-2020-automatik-chronograph-limited-edition\/","title":{"rendered":"Tissot T-Race MotoGP 2020 Automatik Chronograph Limited Edition"},"content":{"rendered":"<p>Tissot ist seit vielen Jahren offizieller Zeitnehmer des MotoGPTM und stolz darauf, die T-Race MotoGPTM 2020 Automatic Chronograph Limited Edition vorzustellen. Dieses Modell ist auf weltweit 3.333 Exemplare limitiert und damit ein echtes Sammlerst\u00fcck. Dieser Automatik-Chronograph zeigt sich von den hochmodernen Rennmaschinen des MotoGPTM inspiriert. Stilelemente aus der Welt des Motorradrennsports, beispielsweise die an eine Bremsscheibe erinnernde L\u00fcnette haben Eingang in das Design gefunden. Das Geh\u00e4use besteht aus 316L-Edelstahl mit schwarzer PVD-Beschichtung. Das perforierte Lederarmband mit kontrastierenden roten Ziern\u00e4hten macht das Modell sportlicher als je zuvor. Das Zifferblatt selbst erh\u00e4lt durch aufgesetzte Indexe und Ziffern auf unterschiedlicher H\u00f6he eine besondere Tiefe. Der Sichtboden der Tissot T-Race MotoGPTM 2020 Automatic Chronograph Limited Edition besticht mit seiner 5 Speichen-Optik, die die R\u00e4der der MotoGPTM-Rennmaschinen darstellt. Dar\u00fcber hinaus erinnert das sportliche Zifferblatt dieser Uhr an Drehzahlmesser und Tachometer eines Rennmotorrads. Das schwarze Zifferblatt steht im Kontrast zu den roten und weissen Farbakzenten, die ebenso f\u00fcr einen starken Renncharakter der Uhr sorgen wie auch die Farben von Tissot wiedergeben. Im Inneren schl\u00e4gt das zuverl\u00e4ssige C01 Chronographenwerk seinen gleichm\u00e4ssigen Takt und stellt Swiss Made Pr\u00e4zision und Zuverl\u00e4ssigkeit sicher, Das Armband im Rennfahrerstil aus perforiertem Leder sowie die Wasserdichtigkeit bis zu einem Druck von 10 bar (100 Metern\/330 Fuss) geben dieser fantastischen Uhr den letzten Schliff.<\/p>\n","protected":false},"excerpt":{"rendered":"<p>Tissot ist seit vielen Jahren offizieller Zeitnehmer des MotoGPTM und stolz darauf, die T-Race MotoGPTM 2020 Automatic Chronograph Limited Edition vorzustellen. Dieses Modell ist auf weltweit 3.333 Exemplare limitiert und damit ein echtes Sammlerst\u00fcck. Dieser Automatik-Chronograph zeigt sich von den hochmodernen Rennmaschinen des MotoGPTM inspiriert. Stilelemente aus der Welt des Motorradrennsports, beispielsweise die an eine [&hellip;]<\/p>\n","protected":false},"featured_media":3547,"comment_status":"open","ping_status":"closed","template":"","meta":{"inline_featured_image":false},"product_brand":[],"product_cat":[98,56],"product_tag":[],"class_list":{"0":"post-3554","1":"product","2":"type-product","3":"status-publish","4":"has-post-thumbnail","6":"product_cat-tissot","7":"product_cat-uhren","8":"post-item","10":"first","11":"outofstock","12":"taxable","13":"shipping-taxable","14":"purchasable","15":"product-type-simple"},"_links":{"self":[{"href":"https:\/\/michaelbern.com\/de\/wp-json\/wp\/v2\/product\/3554","targetHints":{"allow":["GET"]}}],"collection":[{"href":"https:\/\/michaelbern.com\/de\/wp-json\/wp\/v2\/product"}],"about":[{"href":"https:\/\/michaelbern.com\/de\/wp-json\/wp\/v2\/types\/product"}],"replies":[{"embeddable":true,"href":"https:\/\/michaelbern.com\/de\/wp-json\/wp\/v2\/comments?post=3554"}],"wp:featuredmedia":[{"embeddable":true,"href":"https:\/\/michaelbern.com\/de\/wp-json\/wp\/v2\/media\/3547"}],"wp:attachment":[{"href":"https:\/\/michaelbern.com\/de\/wp-json\/wp\/v2\/media?parent=3554"}],"wp:term":[{"taxonomy":"product_brand","embeddable":true,"href":"https:\/\/michaelbern.com\/de\/wp-json\/wp\/v2\/product_brand?post=3554"},{"taxonomy":"product_cat","embeddable":true,"href":"https:\/\/michaelbern.com\/de\/wp-json\/wp\/v2\/product_cat?post=3554"},{"taxonomy":"product_tag","embeddable":true,"href":"https:\/\/michaelbern.com\/de\/wp-json\/wp\/v2\/product_tag?post=3554"}],"curies":[{"name":"wp","href":"https:\/\/api.w.org\/{rel}","templated":true}]}}