{"id":3546,"date":"2021-02-06T04:18:23","date_gmt":"2021-02-06T03:18:23","guid":{"rendered":"https:\/\/michaelbern.com\/product\/tissot-t-race-automatik\/"},"modified":"2022-04-08T15:24:07","modified_gmt":"2022-04-08T13:24:07","slug":"tissot-t-race-automatik","status":"publish","type":"product","link":"https:\/\/michaelbern.com\/de\/product\/tissot-t-race-automatik\/","title":{"rendered":"Tissot T-Race Automatik"},"content":{"rendered":"<p>Diese Tissot T-Race geh\u00f6rt auf und neben der Rennstrecke zu den Gewinnern. Von Motorr\u00e4dern inspirierte Designelemente, ein dynamischer Stil und leuchtende Farbtupfer bringen dieses Modell so richtig in Fahrt und verschaffen ihr einen Startplatz in der vordersten Reihe. Mit der Tissot T-Race f\u00e4hrt die Leidenschaft von Tissot f\u00fcr den Motorsport auf der \u00dcberholspur.<\/p>\n","protected":false},"excerpt":{"rendered":"<p>Diese Tissot T-Race geh\u00f6rt auf und neben der Rennstrecke zu den Gewinnern. Von Motorr\u00e4dern inspirierte Designelemente, ein dynamischer Stil und leuchtende Farbtupfer bringen dieses Modell so richtig in Fahrt und verschaffen ihr einen Startplatz in der vordersten Reihe. Mit der Tissot T-Race f\u00e4hrt die Leidenschaft von Tissot f\u00fcr den Motorsport auf der \u00dcberholspur.<\/p>\n","protected":false},"featured_media":3542,"comment_status":"open","ping_status":"closed","template":"","meta":{"inline_featured_image":false},"product_brand":[],"product_cat":[98,56],"product_tag":[],"class_list":{"0":"post-3546","1":"product","2":"type-product","3":"status-publish","4":"has-post-thumbnail","6":"product_cat-tissot","7":"product_cat-uhren","8":"post-item","10":"first","11":"outofstock","12":"taxable","13":"shipping-taxable","14":"purchasable","15":"product-type-simple"},"_links":{"self":[{"href":"https:\/\/michaelbern.com\/de\/wp-json\/wp\/v2\/product\/3546","targetHints":{"allow":["GET"]}}],"collection":[{"href":"https:\/\/michaelbern.com\/de\/wp-json\/wp\/v2\/product"}],"about":[{"href":"https:\/\/michaelbern.com\/de\/wp-json\/wp\/v2\/types\/product"}],"replies":[{"embeddable":true,"href":"https:\/\/michaelbern.com\/de\/wp-json\/wp\/v2\/comments?post=3546"}],"wp:featuredmedia":[{"embeddable":true,"href":"https:\/\/michaelbern.com\/de\/wp-json\/wp\/v2\/media\/3542"}],"wp:attachment":[{"href":"https:\/\/michaelbern.com\/de\/wp-json\/wp\/v2\/media?parent=3546"}],"wp:term":[{"taxonomy":"product_brand","embeddable":true,"href":"https:\/\/michaelbern.com\/de\/wp-json\/wp\/v2\/product_brand?post=3546"},{"taxonomy":"product_cat","embeddable":true,"href":"https:\/\/michaelbern.com\/de\/wp-json\/wp\/v2\/product_cat?post=3546"},{"taxonomy":"product_tag","embeddable":true,"href":"https:\/\/michaelbern.com\/de\/wp-json\/wp\/v2\/product_tag?post=3546"}],"curies":[{"name":"wp","href":"https:\/\/api.w.org\/{rel}","templated":true}]}}