{"id":3534,"date":"2021-02-06T04:18:15","date_gmt":"2021-02-06T03:18:15","guid":{"rendered":"https:\/\/michaelbern.com\/product\/tissot-seastar-1000-powermatic-80-2\/"},"modified":"2022-04-08T15:24:07","modified_gmt":"2022-04-08T13:24:07","slug":"tissot-seastar-1000-powermatic-80-2","status":"publish","type":"product","link":"https:\/\/michaelbern.com\/de\/product\/tissot-seastar-1000-powermatic-80-2\/","title":{"rendered":"Tissot Seastar 1000 Powermatic 80"},"content":{"rendered":"<p>Die Tissot Seastar 1000 Automatic Uhr ist die perfekte Wahl f\u00fcr Taucher. Sie beeindruckt durch ihre Hochleistungsf\u00e4higkeit bis zu einem Druck von 30 bar (300 m \/ 1000 ft), lumineszierenden Zeigern und Indizes sowie der einseitig drehbaren schwarzen Keramik-Taucherl\u00fcnette. Mit dieser Uhr k\u00f6nnen Sie sich mutig in die Tiefe wagen, sie wird Sie nicht fallenlassen. Diese Uhr der Seastar 1000 Automatic Kollektion ist mit einem Swiss Made Powermatic 80 Werk, kratzfestem Saphirglas, einem 316L &#8211; Edelstahlgeh\u00e4use sowie verschraubter Krone und verschraubtem Geh\u00e4useboden ausgestattet. Dieses Modell hat ein Armband aus Edelstahl, sowie ein schwarzes Zifferblatt mit arabischen Ziffern und Indizes. Zudem verf\u00fcgt die Uhr \u00fcber eine Datumsanzeige und \u00fcber einen Sichtboden.<\/p>\n","protected":false},"excerpt":{"rendered":"<p>Die Tissot Seastar 1000 Automatic Uhr ist die perfekte Wahl f\u00fcr Taucher. Sie beeindruckt durch ihre Hochleistungsf\u00e4higkeit bis zu einem Druck von 30 bar (300 m \/ 1000 ft), lumineszierenden Zeigern und Indizes sowie der einseitig drehbaren schwarzen Keramik-Taucherl\u00fcnette. Mit dieser Uhr k\u00f6nnen Sie sich mutig in die Tiefe wagen, sie wird Sie nicht fallenlassen. [&hellip;]<\/p>\n","protected":false},"featured_media":3532,"comment_status":"open","ping_status":"closed","template":"","meta":{"inline_featured_image":false},"product_brand":[],"product_cat":[98,56],"product_tag":[],"class_list":{"0":"post-3534","1":"product","2":"type-product","3":"status-publish","4":"has-post-thumbnail","6":"product_cat-tissot","7":"product_cat-uhren","8":"post-item","10":"first","11":"outofstock","12":"taxable","13":"shipping-taxable","14":"purchasable","15":"product-type-simple"},"_links":{"self":[{"href":"https:\/\/michaelbern.com\/de\/wp-json\/wp\/v2\/product\/3534","targetHints":{"allow":["GET"]}}],"collection":[{"href":"https:\/\/michaelbern.com\/de\/wp-json\/wp\/v2\/product"}],"about":[{"href":"https:\/\/michaelbern.com\/de\/wp-json\/wp\/v2\/types\/product"}],"replies":[{"embeddable":true,"href":"https:\/\/michaelbern.com\/de\/wp-json\/wp\/v2\/comments?post=3534"}],"wp:featuredmedia":[{"embeddable":true,"href":"https:\/\/michaelbern.com\/de\/wp-json\/wp\/v2\/media\/3532"}],"wp:attachment":[{"href":"https:\/\/michaelbern.com\/de\/wp-json\/wp\/v2\/media?parent=3534"}],"wp:term":[{"taxonomy":"product_brand","embeddable":true,"href":"https:\/\/michaelbern.com\/de\/wp-json\/wp\/v2\/product_brand?post=3534"},{"taxonomy":"product_cat","embeddable":true,"href":"https:\/\/michaelbern.com\/de\/wp-json\/wp\/v2\/product_cat?post=3534"},{"taxonomy":"product_tag","embeddable":true,"href":"https:\/\/michaelbern.com\/de\/wp-json\/wp\/v2\/product_tag?post=3534"}],"curies":[{"name":"wp","href":"https:\/\/api.w.org\/{rel}","templated":true}]}}