{"id":3509,"date":"2021-02-06T04:18:00","date_gmt":"2021-02-06T03:18:00","guid":{"rendered":"https:\/\/michaelbern.com\/product\/tissot-bridgeport-automatic-chronograph\/"},"modified":"2022-04-08T15:24:09","modified_gmt":"2022-04-08T13:24:09","slug":"tissot-bridgeport-automatic-chronograph","status":"publish","type":"product","link":"https:\/\/michaelbern.com\/de\/product\/tissot-bridgeport-automatic-chronograph\/","title":{"rendered":"Tissot Bridgeport Automatic Chronograph"},"content":{"rendered":"<p>Die Tissot Bridgeport kleidet ihre Automatikwerke in raffinierten Stil. Die traditionelle Uhrmacherkunst wird hier mit Gold- und Silbert\u00f6nen in verschiedenen Kombinationen zelebriert. Die Modelle der Kollektion mit ihren unterschiedlichen Zifferbl\u00e4ttern und subtilen Details \u00fcberzeugen durch ihren eigenst\u00e4ndigen Look und Stil. F\u00fcr jeden Geschmack findet sich die passende Uhr. Eine Auswahl an Armb\u00e4ndern sorgt f\u00fcr noch mehr Klasse. Diese Zeitmesser sind perfekt f\u00fcr all jene, die Pr\u00e4zision in sch\u00f6ner Form lieben.<\/p>\n","protected":false},"excerpt":{"rendered":"<p>Die Tissot Bridgeport kleidet ihre Automatikwerke in raffinierten Stil. Die traditionelle Uhrmacherkunst wird hier mit Gold- und Silbert\u00f6nen in verschiedenen Kombinationen zelebriert. Die Modelle der Kollektion mit ihren unterschiedlichen Zifferbl\u00e4ttern und subtilen Details \u00fcberzeugen durch ihren eigenst\u00e4ndigen Look und Stil. F\u00fcr jeden Geschmack findet sich die passende Uhr. Eine Auswahl an Armb\u00e4ndern sorgt f\u00fcr noch [&hellip;]<\/p>\n","protected":false},"featured_media":3506,"comment_status":"open","ping_status":"closed","template":"","meta":{"inline_featured_image":false},"product_brand":[],"product_cat":[98,56],"product_tag":[],"class_list":{"0":"post-3509","1":"product","2":"type-product","3":"status-publish","4":"has-post-thumbnail","6":"product_cat-tissot","7":"product_cat-uhren","8":"post-item","10":"first","11":"outofstock","12":"taxable","13":"shipping-taxable","14":"purchasable","15":"product-type-simple"},"_links":{"self":[{"href":"https:\/\/michaelbern.com\/de\/wp-json\/wp\/v2\/product\/3509","targetHints":{"allow":["GET"]}}],"collection":[{"href":"https:\/\/michaelbern.com\/de\/wp-json\/wp\/v2\/product"}],"about":[{"href":"https:\/\/michaelbern.com\/de\/wp-json\/wp\/v2\/types\/product"}],"replies":[{"embeddable":true,"href":"https:\/\/michaelbern.com\/de\/wp-json\/wp\/v2\/comments?post=3509"}],"wp:featuredmedia":[{"embeddable":true,"href":"https:\/\/michaelbern.com\/de\/wp-json\/wp\/v2\/media\/3506"}],"wp:attachment":[{"href":"https:\/\/michaelbern.com\/de\/wp-json\/wp\/v2\/media?parent=3509"}],"wp:term":[{"taxonomy":"product_brand","embeddable":true,"href":"https:\/\/michaelbern.com\/de\/wp-json\/wp\/v2\/product_brand?post=3509"},{"taxonomy":"product_cat","embeddable":true,"href":"https:\/\/michaelbern.com\/de\/wp-json\/wp\/v2\/product_cat?post=3509"},{"taxonomy":"product_tag","embeddable":true,"href":"https:\/\/michaelbern.com\/de\/wp-json\/wp\/v2\/product_tag?post=3509"}],"curies":[{"name":"wp","href":"https:\/\/api.w.org\/{rel}","templated":true}]}}