{"id":3462,"date":"2021-02-06T04:17:30","date_gmt":"2021-02-06T03:17:30","guid":{"rendered":"https:\/\/michaelbern.com\/product\/tissot-t-race-automatik-chronograph\/"},"modified":"2022-04-08T15:24:11","modified_gmt":"2022-04-08T13:24:11","slug":"tissot-t-race-automatik-chronograph","status":"publish","type":"product","link":"https:\/\/michaelbern.com\/de\/product\/tissot-t-race-automatik-chronograph\/","title":{"rendered":"Tissot T-Race Automatik Chronograph"},"content":{"rendered":"<p>Die Tissot T-Race ist das Modell f\u00fcr, die Geschwindigkeit lieben. Die Kollektion verk\u00f6rpert Tissots Engagement und Leidenschaft f\u00fcr den Motorsport. Die Tissot T-Race unterstreicht den Charakter des Motorsports. Der Aufbau ist vom Rahmen und den Komponenten eines Motorrads inspiriert und verf\u00fcgt \u00fcber die legend\u00e4re Bremsscheibenl\u00fcnette oder Armbandbefestigungen, die an die Radaufh\u00e4ngungen eines Motorrads erinnern. Das 316L Edelstahlgeh\u00e4use mit grauer PVD-Beschichtung besitzt ein silberfarbenes Zifferblatt mit Indizes. Das Modell hat kratzfestes und entspiegeltes Saphirglas. Sichtbar durch den Glasboden des Geh\u00e4uses, ist die Bremsscheibe ausserdem auf der Schwungmasse des Automatikwerks mit Reifenprofillinien abgebildet. Die Dr\u00fccker an der Seite des Geh\u00e4uses stellen die Fussrasten dar, und selbst die Hinterradaufh\u00e4ngung findet sich im \u00dcbergang vom Armband zum Geh\u00e4use wieder. Das schwarze Synthetikarmband besitzt eine Standardschliesse.<\/p>\n","protected":false},"excerpt":{"rendered":"<p>Die Tissot T-Race ist das Modell f\u00fcr, die Geschwindigkeit lieben. Die Kollektion verk\u00f6rpert Tissots Engagement und Leidenschaft f\u00fcr den Motorsport. Die Tissot T-Race unterstreicht den Charakter des Motorsports. Der Aufbau ist vom Rahmen und den Komponenten eines Motorrads inspiriert und verf\u00fcgt \u00fcber die legend\u00e4re Bremsscheibenl\u00fcnette oder Armbandbefestigungen, die an die Radaufh\u00e4ngungen eines Motorrads erinnern. Das [&hellip;]<\/p>\n","protected":false},"featured_media":3458,"comment_status":"open","ping_status":"closed","template":"","meta":{"inline_featured_image":false},"product_brand":[],"product_cat":[98,56],"product_tag":[],"class_list":{"0":"post-3462","1":"product","2":"type-product","3":"status-publish","4":"has-post-thumbnail","6":"product_cat-tissot","7":"product_cat-uhren","8":"post-item","10":"first","11":"outofstock","12":"taxable","13":"shipping-taxable","14":"purchasable","15":"product-type-simple"},"_links":{"self":[{"href":"https:\/\/michaelbern.com\/de\/wp-json\/wp\/v2\/product\/3462","targetHints":{"allow":["GET"]}}],"collection":[{"href":"https:\/\/michaelbern.com\/de\/wp-json\/wp\/v2\/product"}],"about":[{"href":"https:\/\/michaelbern.com\/de\/wp-json\/wp\/v2\/types\/product"}],"replies":[{"embeddable":true,"href":"https:\/\/michaelbern.com\/de\/wp-json\/wp\/v2\/comments?post=3462"}],"wp:featuredmedia":[{"embeddable":true,"href":"https:\/\/michaelbern.com\/de\/wp-json\/wp\/v2\/media\/3458"}],"wp:attachment":[{"href":"https:\/\/michaelbern.com\/de\/wp-json\/wp\/v2\/media?parent=3462"}],"wp:term":[{"taxonomy":"product_brand","embeddable":true,"href":"https:\/\/michaelbern.com\/de\/wp-json\/wp\/v2\/product_brand?post=3462"},{"taxonomy":"product_cat","embeddable":true,"href":"https:\/\/michaelbern.com\/de\/wp-json\/wp\/v2\/product_cat?post=3462"},{"taxonomy":"product_tag","embeddable":true,"href":"https:\/\/michaelbern.com\/de\/wp-json\/wp\/v2\/product_tag?post=3462"}],"curies":[{"name":"wp","href":"https:\/\/api.w.org\/{rel}","templated":true}]}}