{"id":3194,"date":"2021-02-06T04:14:38","date_gmt":"2021-02-06T03:14:38","guid":{"rendered":"https:\/\/michaelbern.com\/product\/bomberg-bb-01-white-silver\/"},"modified":"2022-04-08T15:25:19","modified_gmt":"2022-04-08T13:25:19","slug":"bomberg-bb-01-white-silver","status":"publish","type":"product","link":"https:\/\/michaelbern.com\/de\/product\/bomberg-bb-01-white-silver\/","title":{"rendered":"Bomberg BB-01 White & Silver"},"content":{"rendered":"<p>Diese ringsum hellgrau verzierte Uhr besticht durch reine Gr\u00f6sse und schlichte Sch\u00f6nheit. Das Armband ist ein elegantes weisses NATO-Kalbslederband. Der Stil steht f\u00fcr Mode, Stil, Klasse und Stabilit\u00e4t. Der BB-01-Zeitmesser verlangt offensichtlich nach einem Tr\u00e4ger mit starkem Charakter und von ungew\u00f6hnlich hoher Kompetenz. Ein Aussenseiter, ein Ausreisser, eine besondere Seele, die f\u00fcr sich alleine steht, nicht weil er verliert, sondern weil er gewinnt. Um diese schillernde Armbanduhr in eine Taschenuhr und einen echten Hingucker zu verwandeln, kaufen Sie noch die Kette dazu, die direkt am Geh\u00e4use befestigt werden kann (nicht inbegriffen). Uhrwerk, Design und Montage, alles made in Switzerland.<\/p>\n","protected":false},"excerpt":{"rendered":"<p>Diese ringsum hellgrau verzierte Uhr besticht durch reine Gr\u00f6sse und schlichte Sch\u00f6nheit. Das Armband ist ein elegantes weisses NATO-Kalbslederband. Der Stil steht f\u00fcr Mode, Stil, Klasse und Stabilit\u00e4t. Der BB-01-Zeitmesser verlangt offensichtlich nach einem Tr\u00e4ger mit starkem Charakter und von ungew\u00f6hnlich hoher Kompetenz. Ein Aussenseiter, ein Ausreisser, eine besondere Seele, die f\u00fcr sich alleine steht, [&hellip;]<\/p>\n","protected":false},"featured_media":3189,"comment_status":"open","ping_status":"closed","template":"","meta":{"inline_featured_image":false},"product_brand":[],"product_cat":[106,56],"product_tag":[],"class_list":{"0":"post-3194","1":"product","2":"type-product","3":"status-publish","4":"has-post-thumbnail","6":"product_cat-bomberg","7":"product_cat-uhren","8":"post-item","10":"first","11":"outofstock","12":"taxable","13":"shipping-taxable","14":"purchasable","15":"product-type-simple"},"_links":{"self":[{"href":"https:\/\/michaelbern.com\/de\/wp-json\/wp\/v2\/product\/3194","targetHints":{"allow":["GET"]}}],"collection":[{"href":"https:\/\/michaelbern.com\/de\/wp-json\/wp\/v2\/product"}],"about":[{"href":"https:\/\/michaelbern.com\/de\/wp-json\/wp\/v2\/types\/product"}],"replies":[{"embeddable":true,"href":"https:\/\/michaelbern.com\/de\/wp-json\/wp\/v2\/comments?post=3194"}],"wp:featuredmedia":[{"embeddable":true,"href":"https:\/\/michaelbern.com\/de\/wp-json\/wp\/v2\/media\/3189"}],"wp:attachment":[{"href":"https:\/\/michaelbern.com\/de\/wp-json\/wp\/v2\/media?parent=3194"}],"wp:term":[{"taxonomy":"product_brand","embeddable":true,"href":"https:\/\/michaelbern.com\/de\/wp-json\/wp\/v2\/product_brand?post=3194"},{"taxonomy":"product_cat","embeddable":true,"href":"https:\/\/michaelbern.com\/de\/wp-json\/wp\/v2\/product_cat?post=3194"},{"taxonomy":"product_tag","embeddable":true,"href":"https:\/\/michaelbern.com\/de\/wp-json\/wp\/v2\/product_tag?post=3194"}],"curies":[{"name":"wp","href":"https:\/\/api.w.org\/{rel}","templated":true}]}}