{"id":3180,"date":"2021-02-06T04:14:29","date_gmt":"2021-02-06T03:14:29","guid":{"rendered":"https:\/\/michaelbern.com\/product\/bomberg-bb-01-lady-skylighter-gold-schwarz\/"},"modified":"2022-04-08T15:25:19","modified_gmt":"2022-04-08T13:25:19","slug":"bomberg-bb-01-lady-skylighter-gold-schwarz","status":"publish","type":"product","link":"https:\/\/michaelbern.com\/de\/product\/bomberg-bb-01-lady-skylighter-gold-schwarz\/","title":{"rendered":"Bomberg BB-01 Lady Skylighter Gold & Schwarz"},"content":{"rendered":"<p>Diese elegante, klassische Lady Skylighter, die durch ihren sch\u00f6nen gold-schwarzen Kontrast besticht, ist das perfekte Geschenk oder Selbstgeschenk f\u00fcr eine wohlhabende, sch\u00f6ne, einflussreiche Frau. Diese Sch\u00f6nheit mit drei Zeigern evoziert Luxus und Stil. Das Schweizer Quarzwerk sorgt f\u00fcr h\u00f6chste Pr\u00e4zision, w\u00e4hrend das schwarz-goldfarbene Stahlgeh\u00e4use und die bei 2 Uhr positionierte Krone f\u00fcr einen ganz besonderen Look sorgen. Das pr\u00e4chtige Messingzifferblatt mit seinen tollen Details ist eine absolute Sch\u00f6nheit. Es ist vergoldet, mit Swarovski-Kristallen besetzt und schillert in der Mitte golden. F\u00fcr noch mehr Eleganz verzichtet es g\u00e4nzlich auf aufgedruckte Ziffern. Das schwarze, satinierte NATO-Lederarmband und die goldfarbene Schliesse runden den Look ab. F\u00fcr einen besonders coolen Style k\u00f6nnen Sie die Uhr mit einer Stahlkette (nicht im Lieferumfang enthalten) in eine Taschenuhr verwandeln.<\/p>\n","protected":false},"excerpt":{"rendered":"<p>Diese elegante, klassische Lady Skylighter, die durch ihren sch\u00f6nen gold-schwarzen Kontrast besticht, ist das perfekte Geschenk oder Selbstgeschenk f\u00fcr eine wohlhabende, sch\u00f6ne, einflussreiche Frau. Diese Sch\u00f6nheit mit drei Zeigern evoziert Luxus und Stil. Das Schweizer Quarzwerk sorgt f\u00fcr h\u00f6chste Pr\u00e4zision, w\u00e4hrend das schwarz-goldfarbene Stahlgeh\u00e4use und die bei 2 Uhr positionierte Krone f\u00fcr einen ganz besonderen [&hellip;]<\/p>\n","protected":false},"featured_media":3176,"comment_status":"open","ping_status":"closed","template":"","meta":{"inline_featured_image":false},"product_brand":[],"product_cat":[106,56,57],"product_tag":[],"class_list":{"0":"post-3180","1":"product","2":"type-product","3":"status-publish","4":"has-post-thumbnail","6":"product_cat-bomberg","7":"product_cat-uhren","8":"product_cat-damenuhren","9":"post-item","11":"first","12":"outofstock","13":"taxable","14":"shipping-taxable","15":"purchasable","16":"product-type-simple"},"_links":{"self":[{"href":"https:\/\/michaelbern.com\/de\/wp-json\/wp\/v2\/product\/3180","targetHints":{"allow":["GET"]}}],"collection":[{"href":"https:\/\/michaelbern.com\/de\/wp-json\/wp\/v2\/product"}],"about":[{"href":"https:\/\/michaelbern.com\/de\/wp-json\/wp\/v2\/types\/product"}],"replies":[{"embeddable":true,"href":"https:\/\/michaelbern.com\/de\/wp-json\/wp\/v2\/comments?post=3180"}],"wp:featuredmedia":[{"embeddable":true,"href":"https:\/\/michaelbern.com\/de\/wp-json\/wp\/v2\/media\/3176"}],"wp:attachment":[{"href":"https:\/\/michaelbern.com\/de\/wp-json\/wp\/v2\/media?parent=3180"}],"wp:term":[{"taxonomy":"product_brand","embeddable":true,"href":"https:\/\/michaelbern.com\/de\/wp-json\/wp\/v2\/product_brand?post=3180"},{"taxonomy":"product_cat","embeddable":true,"href":"https:\/\/michaelbern.com\/de\/wp-json\/wp\/v2\/product_cat?post=3180"},{"taxonomy":"product_tag","embeddable":true,"href":"https:\/\/michaelbern.com\/de\/wp-json\/wp\/v2\/product_tag?post=3180"}],"curies":[{"name":"wp","href":"https:\/\/api.w.org\/{rel}","templated":true}]}}