{"id":3175,"date":"2021-02-06T04:14:26","date_gmt":"2021-02-06T03:14:26","guid":{"rendered":"https:\/\/michaelbern.com\/product\/bomberg-bb-01-lady-skylighter-weiss\/"},"modified":"2022-04-08T15:25:20","modified_gmt":"2022-04-08T13:25:20","slug":"bomberg-bb-01-lady-skylighter-weiss","status":"publish","type":"product","link":"https:\/\/michaelbern.com\/de\/product\/bomberg-bb-01-lady-skylighter-weiss\/","title":{"rendered":"Bomberg BB-01 Lady Skylighter Weiss"},"content":{"rendered":"<p>Diese Uhr mit einem strahlend weissen Zifferblatt mit einem Regenbogen aus Farben in der Mitte wird sofort ihr Herz erobern. Das weisse Konzept setzt sich mit den Swarovski-Kristallen rund um das Zifferblatt und dem weissen, satinierten NATO-Lederarmband fort. Die sechs schillernden Farbb\u00f6gen in der Mitte fallen sofort ins Auge. Ein weiterer Hingucker sind die drei schwarzen Aluminiumzeiger. Eine Uhr mit so viel Elan ist ein perfektes Geschenk f\u00fcr die starke, grossartige und lebenslustige Frau, die Sie lieben. Die Schweizer Pr\u00e4zision bei der Anfertigung dieser verspielten Uhr gew\u00e4hrleistet eine lange Lebensdauer. Dar\u00fcber hinaus l\u00e4sst sich die Uhr mit einer Stahlkette (nicht im Lieferumfang enthalten) ganz einfach in eine ultracoole Taschenuhr verwandeln.<\/p>\n","protected":false},"excerpt":{"rendered":"<p>Diese Uhr mit einem strahlend weissen Zifferblatt mit einem Regenbogen aus Farben in der Mitte wird sofort ihr Herz erobern. Das weisse Konzept setzt sich mit den Swarovski-Kristallen rund um das Zifferblatt und dem weissen, satinierten NATO-Lederarmband fort. Die sechs schillernden Farbb\u00f6gen in der Mitte fallen sofort ins Auge. Ein weiterer Hingucker sind die drei [&hellip;]<\/p>\n","protected":false},"featured_media":3173,"comment_status":"open","ping_status":"closed","template":"","meta":{"inline_featured_image":false},"product_brand":[],"product_cat":[106,56,57],"product_tag":[],"class_list":{"0":"post-3175","1":"product","2":"type-product","3":"status-publish","4":"has-post-thumbnail","6":"product_cat-bomberg","7":"product_cat-uhren","8":"product_cat-damenuhren","9":"post-item","11":"first","12":"outofstock","13":"taxable","14":"shipping-taxable","15":"purchasable","16":"product-type-simple"},"_links":{"self":[{"href":"https:\/\/michaelbern.com\/de\/wp-json\/wp\/v2\/product\/3175","targetHints":{"allow":["GET"]}}],"collection":[{"href":"https:\/\/michaelbern.com\/de\/wp-json\/wp\/v2\/product"}],"about":[{"href":"https:\/\/michaelbern.com\/de\/wp-json\/wp\/v2\/types\/product"}],"replies":[{"embeddable":true,"href":"https:\/\/michaelbern.com\/de\/wp-json\/wp\/v2\/comments?post=3175"}],"wp:featuredmedia":[{"embeddable":true,"href":"https:\/\/michaelbern.com\/de\/wp-json\/wp\/v2\/media\/3173"}],"wp:attachment":[{"href":"https:\/\/michaelbern.com\/de\/wp-json\/wp\/v2\/media?parent=3175"}],"wp:term":[{"taxonomy":"product_brand","embeddable":true,"href":"https:\/\/michaelbern.com\/de\/wp-json\/wp\/v2\/product_brand?post=3175"},{"taxonomy":"product_cat","embeddable":true,"href":"https:\/\/michaelbern.com\/de\/wp-json\/wp\/v2\/product_cat?post=3175"},{"taxonomy":"product_tag","embeddable":true,"href":"https:\/\/michaelbern.com\/de\/wp-json\/wp\/v2\/product_tag?post=3175"}],"curies":[{"name":"wp","href":"https:\/\/api.w.org\/{rel}","templated":true}]}}