{"id":3170,"date":"2021-02-06T04:14:23","date_gmt":"2021-02-06T03:14:23","guid":{"rendered":"https:\/\/michaelbern.com\/product\/bomberg-bb-01-lady-skylighter-weiss-schwarz\/"},"modified":"2022-04-08T15:25:20","modified_gmt":"2022-04-08T13:25:20","slug":"bomberg-bb-01-lady-skylighter-weiss-schwarz","status":"publish","type":"product","link":"https:\/\/michaelbern.com\/de\/product\/bomberg-bb-01-lady-skylighter-weiss-schwarz\/","title":{"rendered":"Bomberg BB-01 Lady Skylighter Weiss & Schwarz"},"content":{"rendered":"<p>Das Zifferblatt dieser wundersch\u00f6nen Lady Skylighter ist strahlend weiss und mit Swarovski-Kristallen besetzt. Die schwarze Kugel mit unserem Logo in der Mitte verk\u00f6rpert Solidit\u00e4t und Erdung. Genau wie die Frau, die diese elegante Uhr tr\u00e4gt, vereint sie verschiedene Formen von Sch\u00f6nheit. Das schwarze und goldfarbene Edelstahlgeh\u00e4use und die goldfarbenen Schliessen f\u00fcr das schwarze, satinierte NATO-Lederarmband sind kraftvoll und markant, w\u00e4hrend die goldfarbenen Akzente der drei Zeiger des Zifferblatts Anmut und Leichtigkeit ausstrahlen. Lady Skylighters verzichten auf Ziffern, die den makellosen Glanz des Zifferblatts \u2013 ein \u201ezeitloser Look\u201c, der an Filmklassiker und die edleren, aufregenderen Dinge des Lebens erinnert \u2013 zerst\u00f6ren w\u00fcrden. F\u00fcr einen besonders sportlichen Auftritt k\u00f6nnen Sie die Uhr mit einer Stahlkette (nicht im Lieferumfang enthalten) in eine Taschenuhr verwandeln.<\/p>\n","protected":false},"excerpt":{"rendered":"<p>Das Zifferblatt dieser wundersch\u00f6nen Lady Skylighter ist strahlend weiss und mit Swarovski-Kristallen besetzt. Die schwarze Kugel mit unserem Logo in der Mitte verk\u00f6rpert Solidit\u00e4t und Erdung. Genau wie die Frau, die diese elegante Uhr tr\u00e4gt, vereint sie verschiedene Formen von Sch\u00f6nheit. Das schwarze und goldfarbene Edelstahlgeh\u00e4use und die goldfarbenen Schliessen f\u00fcr das schwarze, satinierte NATO-Lederarmband [&hellip;]<\/p>\n","protected":false},"featured_media":3164,"comment_status":"open","ping_status":"closed","template":"","meta":{"inline_featured_image":false},"product_brand":[],"product_cat":[106,56,57],"product_tag":[],"class_list":{"0":"post-3170","1":"product","2":"type-product","3":"status-publish","4":"has-post-thumbnail","6":"product_cat-bomberg","7":"product_cat-uhren","8":"product_cat-damenuhren","9":"post-item","11":"first","12":"outofstock","13":"taxable","14":"shipping-taxable","15":"purchasable","16":"product-type-simple"},"_links":{"self":[{"href":"https:\/\/michaelbern.com\/de\/wp-json\/wp\/v2\/product\/3170","targetHints":{"allow":["GET"]}}],"collection":[{"href":"https:\/\/michaelbern.com\/de\/wp-json\/wp\/v2\/product"}],"about":[{"href":"https:\/\/michaelbern.com\/de\/wp-json\/wp\/v2\/types\/product"}],"replies":[{"embeddable":true,"href":"https:\/\/michaelbern.com\/de\/wp-json\/wp\/v2\/comments?post=3170"}],"wp:featuredmedia":[{"embeddable":true,"href":"https:\/\/michaelbern.com\/de\/wp-json\/wp\/v2\/media\/3164"}],"wp:attachment":[{"href":"https:\/\/michaelbern.com\/de\/wp-json\/wp\/v2\/media?parent=3170"}],"wp:term":[{"taxonomy":"product_brand","embeddable":true,"href":"https:\/\/michaelbern.com\/de\/wp-json\/wp\/v2\/product_brand?post=3170"},{"taxonomy":"product_cat","embeddable":true,"href":"https:\/\/michaelbern.com\/de\/wp-json\/wp\/v2\/product_cat?post=3170"},{"taxonomy":"product_tag","embeddable":true,"href":"https:\/\/michaelbern.com\/de\/wp-json\/wp\/v2\/product_tag?post=3170"}],"curies":[{"name":"wp","href":"https:\/\/api.w.org\/{rel}","templated":true}]}}