{"id":3142,"date":"2021-02-06T04:14:04","date_gmt":"2021-02-06T03:14:04","guid":{"rendered":"https:\/\/michaelbern.com\/product\/frederique-constant-manufacture-flyback-chronograph\/"},"modified":"2022-04-08T15:25:21","modified_gmt":"2022-04-08T13:25:21","slug":"frederique-constant-manufacture-flyback-chronograph","status":"publish","type":"product","link":"https:\/\/michaelbern.com\/de\/product\/frederique-constant-manufacture-flyback-chronograph\/","title":{"rendered":"Fr\u00e9d\u00e9rique Constant Manufacture Flyback Chronograph"},"content":{"rendered":"<p>Der Fr\u00e9d\u00e9rique Constant Flyback Chronograph Manufacture ist ein wahres Wunderwerk. Er wurde im eigenen Hause \u00fcber einen Zeitraum von sechs Jahren von Grund auf neu entwickelt, und die einzelnen Bauteile wurden intern gefertigt und zusammengesetzt.<br \/>\nDas Kaliber FC-760 ist von den Flyback-Chronographen der 1930er-Jahre und dem Wunsch inspiriert, \u00fcber die normale Chronographenkonstruktion hinauszugehen. Die klassische Chronographenfunktion dient als Stoppuhr, mithilfe derer sich ein bestimmtes Zeitintervall messen l\u00e4sst. Bei einer Flyback-Funktion muss der Nutzer den Chronographen nicht jedes Mal, wenn er eine neue Messung starten m\u00f6chte, erst in einem getrennten Vorgang auf null zur\u00fcckstellen. Stattdessen kann der Chronographenzeiger mit einer einzigen Bet\u00e4tigung eines Dr\u00fcckers gestoppt, auf null zur\u00fcckgestellt und erneut gestartet werden. Diese Funktion ist bei der Messung von aufeinanderfolgenden Ereignissen etwa bei Rennen von zentraler Bedeutung.<\/p>\n","protected":false},"excerpt":{"rendered":"<p>Der Fr\u00e9d\u00e9rique Constant Flyback Chronograph Manufacture ist ein wahres Wunderwerk. Er wurde im eigenen Hause \u00fcber einen Zeitraum von sechs Jahren von Grund auf neu entwickelt, und die einzelnen Bauteile wurden intern gefertigt und zusammengesetzt. Das Kaliber FC-760 ist von den Flyback-Chronographen der 1930er-Jahre und dem Wunsch inspiriert, \u00fcber die normale Chronographenkonstruktion hinauszugehen. Die klassische [&hellip;]<\/p>\n","protected":false},"featured_media":3136,"comment_status":"open","ping_status":"closed","template":"","meta":{"inline_featured_image":false},"product_brand":[],"product_cat":[93,56],"product_tag":[],"class_list":{"0":"post-3142","1":"product","2":"type-product","3":"status-publish","4":"has-post-thumbnail","6":"product_cat-frederique-constant","7":"product_cat-uhren","8":"post-item","10":"first","11":"outofstock","12":"taxable","13":"shipping-taxable","14":"purchasable","15":"product-type-simple"},"_links":{"self":[{"href":"https:\/\/michaelbern.com\/de\/wp-json\/wp\/v2\/product\/3142","targetHints":{"allow":["GET"]}}],"collection":[{"href":"https:\/\/michaelbern.com\/de\/wp-json\/wp\/v2\/product"}],"about":[{"href":"https:\/\/michaelbern.com\/de\/wp-json\/wp\/v2\/types\/product"}],"replies":[{"embeddable":true,"href":"https:\/\/michaelbern.com\/de\/wp-json\/wp\/v2\/comments?post=3142"}],"wp:featuredmedia":[{"embeddable":true,"href":"https:\/\/michaelbern.com\/de\/wp-json\/wp\/v2\/media\/3136"}],"wp:attachment":[{"href":"https:\/\/michaelbern.com\/de\/wp-json\/wp\/v2\/media?parent=3142"}],"wp:term":[{"taxonomy":"product_brand","embeddable":true,"href":"https:\/\/michaelbern.com\/de\/wp-json\/wp\/v2\/product_brand?post=3142"},{"taxonomy":"product_cat","embeddable":true,"href":"https:\/\/michaelbern.com\/de\/wp-json\/wp\/v2\/product_cat?post=3142"},{"taxonomy":"product_tag","embeddable":true,"href":"https:\/\/michaelbern.com\/de\/wp-json\/wp\/v2\/product_tag?post=3142"}],"curies":[{"name":"wp","href":"https:\/\/api.w.org\/{rel}","templated":true}]}}