{"id":3074,"date":"2021-02-06T04:13:20","date_gmt":"2021-02-06T03:13:20","guid":{"rendered":"https:\/\/michaelbern.com\/product\/swiss-military-hanowa-offshore-diver-lady-3\/"},"modified":"2022-04-08T15:25:24","modified_gmt":"2022-04-08T13:25:24","slug":"swiss-military-hanowa-offshore-diver-lady-3","status":"publish","type":"product","link":"https:\/\/michaelbern.com\/de\/product\/swiss-military-hanowa-offshore-diver-lady-3\/","title":{"rendered":"Swiss Military Hanowa Offshore Diver Lady"},"content":{"rendered":"<p>Die \u00abTaucherflasche\u00bb-Spezialverpackung und das \u00abWellen-Muster\u00bb Zifferblatt, welches das Element Wasser (Nautic) symbolisiert, bilden die perfekte Basis um die \u00abOFFSHORE DIVER\u00bb richtig in Szene zu setzen und folgende Besonderheiten hervorzuheben: Die verschraubte Krone und die Wasserdichtigkeit bis zu 20 ATM erinnern uns daran, dass es sich bei der \u00abOFFHORE DIVER\u00bb um eine vielseitig einsetzbare Schweizer Uhr handelt, welche Funktionalit\u00e4t und Design auf perfekte Weise vereint. Als besonderes Zeichen der Swiss Made Qualit\u00e4t tr\u00e4gt die Uhr das Schweizer Emblem auf dem mit Saphirglas gesch\u00fctzten Zifferblatt. Die drehbare L\u00fcnette unterstreicht die Sportlichkeit dieser Uhr. Das rote Datumsfenster bei 3 Uhr erweitert die Funktionalit\u00e4t dieser Uhr noch zus\u00e4tzlich. Die grossen Leuchtzeiger und -indexe erlauben einfaches Ablesen der Zeit.<\/p>\n","protected":false},"excerpt":{"rendered":"<p>Die \u00abTaucherflasche\u00bb-Spezialverpackung und das \u00abWellen-Muster\u00bb Zifferblatt, welches das Element Wasser (Nautic) symbolisiert, bilden die perfekte Basis um die \u00abOFFSHORE DIVER\u00bb richtig in Szene zu setzen und folgende Besonderheiten hervorzuheben: Die verschraubte Krone und die Wasserdichtigkeit bis zu 20 ATM erinnern uns daran, dass es sich bei der \u00abOFFHORE DIVER\u00bb um eine vielseitig einsetzbare Schweizer Uhr [&hellip;]<\/p>\n","protected":false},"featured_media":3072,"comment_status":"open","ping_status":"closed","template":"","meta":{"inline_featured_image":false},"product_brand":[],"product_cat":[103,56,57],"product_tag":[],"class_list":{"0":"post-3074","1":"product","2":"type-product","3":"status-publish","4":"has-post-thumbnail","6":"product_cat-swiss-military-hanowa","7":"product_cat-uhren","8":"product_cat-damenuhren","9":"post-item","11":"first","12":"outofstock","13":"taxable","14":"shipping-taxable","15":"purchasable","16":"product-type-simple"},"_links":{"self":[{"href":"https:\/\/michaelbern.com\/de\/wp-json\/wp\/v2\/product\/3074","targetHints":{"allow":["GET"]}}],"collection":[{"href":"https:\/\/michaelbern.com\/de\/wp-json\/wp\/v2\/product"}],"about":[{"href":"https:\/\/michaelbern.com\/de\/wp-json\/wp\/v2\/types\/product"}],"replies":[{"embeddable":true,"href":"https:\/\/michaelbern.com\/de\/wp-json\/wp\/v2\/comments?post=3074"}],"wp:featuredmedia":[{"embeddable":true,"href":"https:\/\/michaelbern.com\/de\/wp-json\/wp\/v2\/media\/3072"}],"wp:attachment":[{"href":"https:\/\/michaelbern.com\/de\/wp-json\/wp\/v2\/media?parent=3074"}],"wp:term":[{"taxonomy":"product_brand","embeddable":true,"href":"https:\/\/michaelbern.com\/de\/wp-json\/wp\/v2\/product_brand?post=3074"},{"taxonomy":"product_cat","embeddable":true,"href":"https:\/\/michaelbern.com\/de\/wp-json\/wp\/v2\/product_cat?post=3074"},{"taxonomy":"product_tag","embeddable":true,"href":"https:\/\/michaelbern.com\/de\/wp-json\/wp\/v2\/product_tag?post=3074"}],"curies":[{"name":"wp","href":"https:\/\/api.w.org\/{rel}","templated":true}]}}