{"id":3017,"date":"2021-02-06T04:12:45","date_gmt":"2021-02-06T03:12:45","guid":{"rendered":"https:\/\/michaelbern.com\/product\/mido-multifort-ii-rubber-bezel-automatic\/"},"modified":"2022-04-08T15:25:26","modified_gmt":"2022-04-08T13:25:26","slug":"mido-multifort-ii-rubber-bezel-automatic","status":"publish","type":"product","link":"https:\/\/michaelbern.com\/de\/product\/mido-multifort-ii-rubber-bezel-automatic\/","title":{"rendered":"Mido Multifort II Rubber Bezel Automatic"},"content":{"rendered":"<p>Die Architektur der ber\u00fchmten Harbour Bridge in Sydney dient der Kollektion Multifort von Mido als Inspirationsquelle. Denn Harbour Bridge und Multifort sind zur gleichen Zeit entstanden, jeweils in den 1930er-Jahren. Als perfekte Verbindung von Substanz und Form, von Funktionalit\u00e4t und \u00c4sthetik feiert Mido dieses ausserordentlich robuste Bauwerk mit der unverkennbaren Linienf\u00fchrung. Die charakteristischen Genfer Streifen der Multifort-Zifferbl\u00e4tter erinnern an die Aufh\u00e4ngungen der Br\u00fccke. Durch ihre Robustheit und einzigartige Langlebigkeit \u2013 sie wird seit 85 Jahren hergestellt \u2013 ist die Kollektion Multifort aus dem Stoff der Kreationen gemacht, an welchen die Zeit spurlos vorbeigeht.<\/p>\n","protected":false},"excerpt":{"rendered":"<p>Die Architektur der ber\u00fchmten Harbour Bridge in Sydney dient der Kollektion Multifort von Mido als Inspirationsquelle. Denn Harbour Bridge und Multifort sind zur gleichen Zeit entstanden, jeweils in den 1930er-Jahren. Als perfekte Verbindung von Substanz und Form, von Funktionalit\u00e4t und \u00c4sthetik feiert Mido dieses ausserordentlich robuste Bauwerk mit der unverkennbaren Linienf\u00fchrung. Die charakteristischen Genfer Streifen [&hellip;]<\/p>\n","protected":false},"featured_media":3014,"comment_status":"open","ping_status":"closed","template":"","meta":{"inline_featured_image":false},"product_brand":[],"product_cat":[104,56,57],"product_tag":[],"class_list":{"0":"post-3017","1":"product","2":"type-product","3":"status-publish","4":"has-post-thumbnail","6":"product_cat-mido","7":"product_cat-uhren","8":"product_cat-damenuhren","9":"post-item","11":"first","12":"outofstock","13":"taxable","14":"shipping-taxable","15":"purchasable","16":"product-type-simple"},"_links":{"self":[{"href":"https:\/\/michaelbern.com\/de\/wp-json\/wp\/v2\/product\/3017","targetHints":{"allow":["GET"]}}],"collection":[{"href":"https:\/\/michaelbern.com\/de\/wp-json\/wp\/v2\/product"}],"about":[{"href":"https:\/\/michaelbern.com\/de\/wp-json\/wp\/v2\/types\/product"}],"replies":[{"embeddable":true,"href":"https:\/\/michaelbern.com\/de\/wp-json\/wp\/v2\/comments?post=3017"}],"wp:featuredmedia":[{"embeddable":true,"href":"https:\/\/michaelbern.com\/de\/wp-json\/wp\/v2\/media\/3014"}],"wp:attachment":[{"href":"https:\/\/michaelbern.com\/de\/wp-json\/wp\/v2\/media?parent=3017"}],"wp:term":[{"taxonomy":"product_brand","embeddable":true,"href":"https:\/\/michaelbern.com\/de\/wp-json\/wp\/v2\/product_brand?post=3017"},{"taxonomy":"product_cat","embeddable":true,"href":"https:\/\/michaelbern.com\/de\/wp-json\/wp\/v2\/product_cat?post=3017"},{"taxonomy":"product_tag","embeddable":true,"href":"https:\/\/michaelbern.com\/de\/wp-json\/wp\/v2\/product_tag?post=3017"}],"curies":[{"name":"wp","href":"https:\/\/api.w.org\/{rel}","templated":true}]}}