{"id":2964,"date":"2021-02-06T04:12:15","date_gmt":"2021-02-06T03:12:15","guid":{"rendered":"https:\/\/michaelbern.com\/product\/mondaine-evo2-gents-o40-2\/"},"modified":"2022-04-08T15:25:29","modified_gmt":"2022-04-08T13:25:29","slug":"mondaine-evo2-gents-o40-2","status":"publish","type":"product","link":"https:\/\/michaelbern.com\/de\/product\/mondaine-evo2-gents-o40-2\/","title":{"rendered":"Mondaine evo2 Gents \u00d840"},"content":{"rendered":"<p>Mondaine evo2 &#8211; die freundlich runde Bahnhofsuhr von Mondaine. Die neue Mondaine evo2 wurde f\u00fcr das zeitgen\u00f6ssische Leben subtil verfeinert. Seine leicht abgerundete Form mit nahezu nahtlosem \u00dcbergang zum Geh\u00e4useboden wurde ergonomisch f\u00fcr einen ultimativen Komfort entwickelt. Unterstrichen wird diese gerundete Form durch ein hochwertiges Saphirglas. Raffinierte Bandst\u00f6sse und eine neue Funktionskrone sitzen in perfekter Proportion zueinander f\u00fcr ein pr\u00e4zises Gleichgewicht. Das grafisch klare Ziffernblatt mit den auffallenden Stunden- und Minutenlinien und der roten Sekundenanzeige pr\u00e4gt auch die Uhren der neuen evo2 Uhren von Mondaine. Die offizielle Schweizer Bahnhofsuhr f\u00fcrs Handgelenk.<\/p>\n","protected":false},"excerpt":{"rendered":"<p>Mondaine evo2 &#8211; die freundlich runde Bahnhofsuhr von Mondaine. Die neue Mondaine evo2 wurde f\u00fcr das zeitgen\u00f6ssische Leben subtil verfeinert. Seine leicht abgerundete Form mit nahezu nahtlosem \u00dcbergang zum Geh\u00e4useboden wurde ergonomisch f\u00fcr einen ultimativen Komfort entwickelt. Unterstrichen wird diese gerundete Form durch ein hochwertiges Saphirglas. Raffinierte Bandst\u00f6sse und eine neue Funktionskrone sitzen in perfekter [&hellip;]<\/p>\n","protected":false},"featured_media":2960,"comment_status":"open","ping_status":"closed","template":"","meta":{"inline_featured_image":false},"product_brand":[],"product_cat":[108,56],"product_tag":[],"class_list":{"0":"post-2964","1":"product","2":"type-product","3":"status-publish","4":"has-post-thumbnail","6":"product_cat-mondaine","7":"product_cat-uhren","8":"post-item","10":"first","11":"outofstock","12":"taxable","13":"shipping-taxable","14":"purchasable","15":"product-type-simple"},"_links":{"self":[{"href":"https:\/\/michaelbern.com\/de\/wp-json\/wp\/v2\/product\/2964","targetHints":{"allow":["GET"]}}],"collection":[{"href":"https:\/\/michaelbern.com\/de\/wp-json\/wp\/v2\/product"}],"about":[{"href":"https:\/\/michaelbern.com\/de\/wp-json\/wp\/v2\/types\/product"}],"replies":[{"embeddable":true,"href":"https:\/\/michaelbern.com\/de\/wp-json\/wp\/v2\/comments?post=2964"}],"wp:featuredmedia":[{"embeddable":true,"href":"https:\/\/michaelbern.com\/de\/wp-json\/wp\/v2\/media\/2960"}],"wp:attachment":[{"href":"https:\/\/michaelbern.com\/de\/wp-json\/wp\/v2\/media?parent=2964"}],"wp:term":[{"taxonomy":"product_brand","embeddable":true,"href":"https:\/\/michaelbern.com\/de\/wp-json\/wp\/v2\/product_brand?post=2964"},{"taxonomy":"product_cat","embeddable":true,"href":"https:\/\/michaelbern.com\/de\/wp-json\/wp\/v2\/product_cat?post=2964"},{"taxonomy":"product_tag","embeddable":true,"href":"https:\/\/michaelbern.com\/de\/wp-json\/wp\/v2\/product_tag?post=2964"}],"curies":[{"name":"wp","href":"https:\/\/api.w.org\/{rel}","templated":true}]}}