{"id":2904,"date":"2021-02-06T04:11:32","date_gmt":"2021-02-06T03:11:32","guid":{"rendered":"https:\/\/michaelbern.com\/product\/rado-hyperchrome-xxl-automatik-chronograph-limited-edition-2\/"},"modified":"2022-04-08T15:25:33","modified_gmt":"2022-04-08T13:25:33","slug":"rado-hyperchrome-xxl-automatik-chronograph-limited-edition-2","status":"publish","type":"product","link":"https:\/\/michaelbern.com\/de\/product\/rado-hyperchrome-xxl-automatik-chronograph-limited-edition-2\/","title":{"rendered":"Rado HyperChrome XXL Automatik Chronograph Limited Edition"},"content":{"rendered":"<p>Mit einer nahtlosen Verbindung aus antiken und modernen Elementen ist der Rado HyperChrome Chronograph Automatic nun in einer Konstruktion aus Bronze und Hightech-Keramik erh\u00e4ltlich, die einen wundersch\u00f6nen Kontrast bilden. Der exklusive Zeitmesser mit einer limitierten Auflage von 999 St\u00fcck vereint zwei Materialien, die sich perfekt f\u00fcr die Uhrmacherei eignen: Bronze, die eine reiche Patina entwickelt und so den Lauf der Zeit offenbart, und Hightech-Keramik, die sich durch ihr leichtes Gewicht und eine \u00fcberragende Kratzfestigkeit auszeichnet. Der sportlich-elegante HyperChrome Chronograph ist Rados charakteristische Herrenuhr f\u00fcr jeden Tag und jede Gelegenheit.<\/p>\n","protected":false},"excerpt":{"rendered":"<p>Mit einer nahtlosen Verbindung aus antiken und modernen Elementen ist der Rado HyperChrome Chronograph Automatic nun in einer Konstruktion aus Bronze und Hightech-Keramik erh\u00e4ltlich, die einen wundersch\u00f6nen Kontrast bilden. Der exklusive Zeitmesser mit einer limitierten Auflage von 999 St\u00fcck vereint zwei Materialien, die sich perfekt f\u00fcr die Uhrmacherei eignen: Bronze, die eine reiche Patina entwickelt [&hellip;]<\/p>\n","protected":false},"featured_media":2895,"comment_status":"open","ping_status":"closed","template":"","meta":{"inline_featured_image":false},"product_brand":[],"product_cat":[97,56],"product_tag":[],"class_list":{"0":"post-2904","1":"product","2":"type-product","3":"status-publish","4":"has-post-thumbnail","6":"product_cat-rado","7":"product_cat-uhren","8":"post-item","10":"first","11":"outofstock","12":"taxable","13":"shipping-taxable","14":"purchasable","15":"product-type-simple"},"_links":{"self":[{"href":"https:\/\/michaelbern.com\/de\/wp-json\/wp\/v2\/product\/2904","targetHints":{"allow":["GET"]}}],"collection":[{"href":"https:\/\/michaelbern.com\/de\/wp-json\/wp\/v2\/product"}],"about":[{"href":"https:\/\/michaelbern.com\/de\/wp-json\/wp\/v2\/types\/product"}],"replies":[{"embeddable":true,"href":"https:\/\/michaelbern.com\/de\/wp-json\/wp\/v2\/comments?post=2904"}],"wp:featuredmedia":[{"embeddable":true,"href":"https:\/\/michaelbern.com\/de\/wp-json\/wp\/v2\/media\/2895"}],"wp:attachment":[{"href":"https:\/\/michaelbern.com\/de\/wp-json\/wp\/v2\/media?parent=2904"}],"wp:term":[{"taxonomy":"product_brand","embeddable":true,"href":"https:\/\/michaelbern.com\/de\/wp-json\/wp\/v2\/product_brand?post=2904"},{"taxonomy":"product_cat","embeddable":true,"href":"https:\/\/michaelbern.com\/de\/wp-json\/wp\/v2\/product_cat?post=2904"},{"taxonomy":"product_tag","embeddable":true,"href":"https:\/\/michaelbern.com\/de\/wp-json\/wp\/v2\/product_tag?post=2904"}],"curies":[{"name":"wp","href":"https:\/\/api.w.org\/{rel}","templated":true}]}}