{"id":2872,"date":"2021-02-06T04:11:11","date_gmt":"2021-02-06T03:11:11","guid":{"rendered":"https:\/\/michaelbern.com\/product\/hamilton-jazzmaster-viewmatic-open-heart-o40\/"},"modified":"2022-04-08T15:25:34","modified_gmt":"2022-04-08T13:25:34","slug":"hamilton-jazzmaster-viewmatic-open-heart-o40","status":"publish","type":"product","link":"https:\/\/michaelbern.com\/de\/product\/hamilton-jazzmaster-viewmatic-open-heart-o40\/","title":{"rendered":"Hamilton Jazzmaster Viewmatic Open Heart \u00d840"},"content":{"rendered":"<p>Das Design der Hamilton Jazzmaster Open Heart spielt mit dem Reiz der Uhrmacherkunst. Ein Blick auf das Zifferblatt l\u00e4sst einen Ausschnitt des Schweizer Automatikwerks erkennen. Manches bleibt jedoch der Vorstellungskraft \u00fcberlassen \u2013 nicht zuletzt, weil die verwendeten Materialien von h\u00f6chster Qualit\u00e4t sind und die ausgefeilten Details zum Tr\u00e4umen anregen.<\/p>\n","protected":false},"excerpt":{"rendered":"<p>Das Design der Hamilton Jazzmaster Open Heart spielt mit dem Reiz der Uhrmacherkunst. Ein Blick auf das Zifferblatt l\u00e4sst einen Ausschnitt des Schweizer Automatikwerks erkennen. Manches bleibt jedoch der Vorstellungskraft \u00fcberlassen \u2013 nicht zuletzt, weil die verwendeten Materialien von h\u00f6chster Qualit\u00e4t sind und die ausgefeilten Details zum Tr\u00e4umen anregen.<\/p>\n","protected":false},"featured_media":2868,"comment_status":"open","ping_status":"closed","template":"","meta":{"inline_featured_image":false},"product_brand":[],"product_cat":[89,56],"product_tag":[],"class_list":{"0":"post-2872","1":"product","2":"type-product","3":"status-publish","4":"has-post-thumbnail","6":"product_cat-hamilton","7":"product_cat-uhren","8":"post-item","10":"first","11":"outofstock","12":"taxable","13":"shipping-taxable","14":"purchasable","15":"product-type-simple"},"_links":{"self":[{"href":"https:\/\/michaelbern.com\/de\/wp-json\/wp\/v2\/product\/2872","targetHints":{"allow":["GET"]}}],"collection":[{"href":"https:\/\/michaelbern.com\/de\/wp-json\/wp\/v2\/product"}],"about":[{"href":"https:\/\/michaelbern.com\/de\/wp-json\/wp\/v2\/types\/product"}],"replies":[{"embeddable":true,"href":"https:\/\/michaelbern.com\/de\/wp-json\/wp\/v2\/comments?post=2872"}],"wp:featuredmedia":[{"embeddable":true,"href":"https:\/\/michaelbern.com\/de\/wp-json\/wp\/v2\/media\/2868"}],"wp:attachment":[{"href":"https:\/\/michaelbern.com\/de\/wp-json\/wp\/v2\/media?parent=2872"}],"wp:term":[{"taxonomy":"product_brand","embeddable":true,"href":"https:\/\/michaelbern.com\/de\/wp-json\/wp\/v2\/product_brand?post=2872"},{"taxonomy":"product_cat","embeddable":true,"href":"https:\/\/michaelbern.com\/de\/wp-json\/wp\/v2\/product_cat?post=2872"},{"taxonomy":"product_tag","embeddable":true,"href":"https:\/\/michaelbern.com\/de\/wp-json\/wp\/v2\/product_tag?post=2872"}],"curies":[{"name":"wp","href":"https:\/\/api.w.org\/{rel}","templated":true}]}}