{"id":2810,"date":"2021-02-06T04:10:29","date_gmt":"2021-02-06T03:10:29","guid":{"rendered":"https:\/\/michaelbern.com\/product\/louis-erard-heritage-chronograph\/"},"modified":"2022-04-08T15:25:37","modified_gmt":"2022-04-08T13:25:37","slug":"louis-erard-heritage-chronograph","status":"publish","type":"product","link":"https:\/\/michaelbern.com\/de\/product\/louis-erard-heritage-chronograph\/","title":{"rendered":"Louis Erard H\u00e9ritage Chronograph"},"content":{"rendered":"<p>Dieses neue Modell der Kollektion H\u00e9ritage verk\u00f6rpert Raffinesse in h\u00f6chstem Masse. Mit dezenteren Abmessungen, vorz\u00fcglich reizvollen Details und schlichten Kurven ist diese Uhr ideal ausgestattet, um die Pr\u00fcfung der Zeit mit Gelassenheit zu bestehen. Ihr Design ist in Form, Struktur und Wesenszug ausgesprochen zeitlos. Auf unn\u00f6tige Verzierungen wurde verzichtet, um die beeindruckend makellosen Oberfl\u00e4chen dieser Uhren nicht zu tr\u00fcben.<br \/>\nAusgestattet ist sie mit einem silberfarbenen, guillochierten Zifferblatt und einem einem hochwertigem Edelstahlgeh\u00e4use, um ihren Durchmesser von 43 mm zu unterstreichen. Dieses Modell zeigt ihren ma\u00dfgeschneiderten Charakter mit kompromissloser Liebe zum Detail. Die H\u00e9ritage von Louis Erard ist ein voller Erfolg: die perfekte Synthese zwischen klassischem Zeitmesser und moderner Uhr. Angetrieben werden die Chronographenfunktionen von dem f\u00fcr seine Zuverl\u00e4ssigkeit und Leistungsst\u00e4rke ber\u00fchmten Kaliber ETA 7750 Valjoux, welches eine Gangreserve von 48 Stunden bietet.<\/p>\n","protected":false},"excerpt":{"rendered":"<p>Dieses neue Modell der Kollektion H\u00e9ritage verk\u00f6rpert Raffinesse in h\u00f6chstem Masse. Mit dezenteren Abmessungen, vorz\u00fcglich reizvollen Details und schlichten Kurven ist diese Uhr ideal ausgestattet, um die Pr\u00fcfung der Zeit mit Gelassenheit zu bestehen. Ihr Design ist in Form, Struktur und Wesenszug ausgesprochen zeitlos. Auf unn\u00f6tige Verzierungen wurde verzichtet, um die beeindruckend makellosen Oberfl\u00e4chen dieser [&hellip;]<\/p>\n","protected":false},"featured_media":2808,"comment_status":"open","ping_status":"closed","template":"","meta":{"inline_featured_image":false},"product_brand":[],"product_cat":[105,56],"product_tag":[],"class_list":{"0":"post-2810","1":"product","2":"type-product","3":"status-publish","4":"has-post-thumbnail","6":"product_cat-louis-erard","7":"product_cat-uhren","8":"post-item","10":"first","11":"outofstock","12":"taxable","13":"shipping-taxable","14":"purchasable","15":"product-type-simple"},"_links":{"self":[{"href":"https:\/\/michaelbern.com\/de\/wp-json\/wp\/v2\/product\/2810","targetHints":{"allow":["GET"]}}],"collection":[{"href":"https:\/\/michaelbern.com\/de\/wp-json\/wp\/v2\/product"}],"about":[{"href":"https:\/\/michaelbern.com\/de\/wp-json\/wp\/v2\/types\/product"}],"replies":[{"embeddable":true,"href":"https:\/\/michaelbern.com\/de\/wp-json\/wp\/v2\/comments?post=2810"}],"wp:featuredmedia":[{"embeddable":true,"href":"https:\/\/michaelbern.com\/de\/wp-json\/wp\/v2\/media\/2808"}],"wp:attachment":[{"href":"https:\/\/michaelbern.com\/de\/wp-json\/wp\/v2\/media?parent=2810"}],"wp:term":[{"taxonomy":"product_brand","embeddable":true,"href":"https:\/\/michaelbern.com\/de\/wp-json\/wp\/v2\/product_brand?post=2810"},{"taxonomy":"product_cat","embeddable":true,"href":"https:\/\/michaelbern.com\/de\/wp-json\/wp\/v2\/product_cat?post=2810"},{"taxonomy":"product_tag","embeddable":true,"href":"https:\/\/michaelbern.com\/de\/wp-json\/wp\/v2\/product_tag?post=2810"}],"curies":[{"name":"wp","href":"https:\/\/api.w.org\/{rel}","templated":true}]}}