{"id":2757,"date":"2021-02-06T04:09:56","date_gmt":"2021-02-06T03:09:56","guid":{"rendered":"https:\/\/michaelbern.com\/product\/tissot-pr-100-sport-chic-chronograph-lady\/"},"modified":"2022-04-08T15:25:39","modified_gmt":"2022-04-08T13:25:39","slug":"tissot-pr-100-sport-chic-chronograph-lady","status":"publish","type":"product","link":"https:\/\/michaelbern.com\/de\/product\/tissot-pr-100-sport-chic-chronograph-lady\/","title":{"rendered":"Tissot PR 100 Sport Chic Chronograph Lady"},"content":{"rendered":"<p>Angesichts des Erfolgs der PR 100 Sport-Chic Kollektion wird die Serie mit einem sportlichen Chronographen erweitert. Mit ihrer grossz\u00fcgigen Geh\u00e4usegr\u00f6sse von 38 mm geh\u00f6rt sie zu den gr\u00f6sseren Uhrenmodellen und sorgt f\u00fcr ein markantes Statement. Das Design ist robust und wundersch\u00f6n stromlinienf\u00f6rmig zugleich und zeichnet sich durch die st\u00e4rkere L\u00fcnette und das schlichtere Armband aus. W\u00e4hrend die PR100-Kollektion einerseits St\u00e4rke zur Schau stellt, vernachl\u00e4ssigt sie andererseits ihre feminine \u00c4sthetik nicht.<\/p>\n","protected":false},"excerpt":{"rendered":"<p>Angesichts des Erfolgs der PR 100 Sport-Chic Kollektion wird die Serie mit einem sportlichen Chronographen erweitert. Mit ihrer grossz\u00fcgigen Geh\u00e4usegr\u00f6sse von 38 mm geh\u00f6rt sie zu den gr\u00f6sseren Uhrenmodellen und sorgt f\u00fcr ein markantes Statement. Das Design ist robust und wundersch\u00f6n stromlinienf\u00f6rmig zugleich und zeichnet sich durch die st\u00e4rkere L\u00fcnette und das schlichtere Armband aus. [&hellip;]<\/p>\n","protected":false},"featured_media":2751,"comment_status":"open","ping_status":"closed","template":"","meta":{"inline_featured_image":false},"product_brand":[],"product_cat":[98,56,57],"product_tag":[],"class_list":{"0":"post-2757","1":"product","2":"type-product","3":"status-publish","4":"has-post-thumbnail","6":"product_cat-tissot","7":"product_cat-uhren","8":"product_cat-damenuhren","9":"post-item","11":"first","12":"outofstock","13":"taxable","14":"shipping-taxable","15":"purchasable","16":"product-type-simple"},"_links":{"self":[{"href":"https:\/\/michaelbern.com\/de\/wp-json\/wp\/v2\/product\/2757","targetHints":{"allow":["GET"]}}],"collection":[{"href":"https:\/\/michaelbern.com\/de\/wp-json\/wp\/v2\/product"}],"about":[{"href":"https:\/\/michaelbern.com\/de\/wp-json\/wp\/v2\/types\/product"}],"replies":[{"embeddable":true,"href":"https:\/\/michaelbern.com\/de\/wp-json\/wp\/v2\/comments?post=2757"}],"wp:featuredmedia":[{"embeddable":true,"href":"https:\/\/michaelbern.com\/de\/wp-json\/wp\/v2\/media\/2751"}],"wp:attachment":[{"href":"https:\/\/michaelbern.com\/de\/wp-json\/wp\/v2\/media?parent=2757"}],"wp:term":[{"taxonomy":"product_brand","embeddable":true,"href":"https:\/\/michaelbern.com\/de\/wp-json\/wp\/v2\/product_brand?post=2757"},{"taxonomy":"product_cat","embeddable":true,"href":"https:\/\/michaelbern.com\/de\/wp-json\/wp\/v2\/product_cat?post=2757"},{"taxonomy":"product_tag","embeddable":true,"href":"https:\/\/michaelbern.com\/de\/wp-json\/wp\/v2\/product_tag?post=2757"}],"curies":[{"name":"wp","href":"https:\/\/api.w.org\/{rel}","templated":true}]}}