{"id":2619,"date":"2021-02-06T04:08:29","date_gmt":"2021-02-06T03:08:29","guid":{"rendered":"https:\/\/michaelbern.com\/product\/hamilton-jazzmaster-lady-auto-3\/"},"modified":"2022-04-08T15:25:44","modified_gmt":"2022-04-08T13:25:44","slug":"hamilton-jazzmaster-lady-auto-3","status":"publish","type":"product","link":"https:\/\/michaelbern.com\/de\/product\/hamilton-jazzmaster-lady-auto-3\/","title":{"rendered":"Hamilton Jazzmaster Lady Auto"},"content":{"rendered":"<p>In der Schweiz hergestellt, gibt die Hamilton Jazzmaster Lady Auto ihrer Tr\u00e4gerin alle Mittel an die Hand, um ihre Zeit effizient und elegant einzuteilen. Innen wie aussen besticht die Uhr durch eine sehr hochwertige Verarbeitung. Ihr Herzst\u00fcck, ein pr\u00e4zises, zuverl\u00e4ssiges Automatikwerk, ist durch den Geh\u00e4useboden sichtbar und belegt, dass Technik und Weiblichkeit im 21. Jahrhundert perfekt harmonieren k\u00f6nnen. Ausgestattet mit einem zus\u00e4tzlichen weissen Lederband.<\/p>\n","protected":false},"excerpt":{"rendered":"<p>In der Schweiz hergestellt, gibt die Hamilton Jazzmaster Lady Auto ihrer Tr\u00e4gerin alle Mittel an die Hand, um ihre Zeit effizient und elegant einzuteilen. Innen wie aussen besticht die Uhr durch eine sehr hochwertige Verarbeitung. Ihr Herzst\u00fcck, ein pr\u00e4zises, zuverl\u00e4ssiges Automatikwerk, ist durch den Geh\u00e4useboden sichtbar und belegt, dass Technik und Weiblichkeit im 21. Jahrhundert [&hellip;]<\/p>\n","protected":false},"featured_media":2617,"comment_status":"open","ping_status":"closed","template":"","meta":{"inline_featured_image":false},"product_brand":[],"product_cat":[89,56,57],"product_tag":[],"class_list":{"0":"post-2619","1":"product","2":"type-product","3":"status-publish","4":"has-post-thumbnail","6":"product_cat-hamilton","7":"product_cat-uhren","8":"product_cat-damenuhren","9":"post-item","11":"first","12":"outofstock","13":"taxable","14":"shipping-taxable","15":"purchasable","16":"product-type-simple"},"_links":{"self":[{"href":"https:\/\/michaelbern.com\/de\/wp-json\/wp\/v2\/product\/2619","targetHints":{"allow":["GET"]}}],"collection":[{"href":"https:\/\/michaelbern.com\/de\/wp-json\/wp\/v2\/product"}],"about":[{"href":"https:\/\/michaelbern.com\/de\/wp-json\/wp\/v2\/types\/product"}],"replies":[{"embeddable":true,"href":"https:\/\/michaelbern.com\/de\/wp-json\/wp\/v2\/comments?post=2619"}],"wp:featuredmedia":[{"embeddable":true,"href":"https:\/\/michaelbern.com\/de\/wp-json\/wp\/v2\/media\/2617"}],"wp:attachment":[{"href":"https:\/\/michaelbern.com\/de\/wp-json\/wp\/v2\/media?parent=2619"}],"wp:term":[{"taxonomy":"product_brand","embeddable":true,"href":"https:\/\/michaelbern.com\/de\/wp-json\/wp\/v2\/product_brand?post=2619"},{"taxonomy":"product_cat","embeddable":true,"href":"https:\/\/michaelbern.com\/de\/wp-json\/wp\/v2\/product_cat?post=2619"},{"taxonomy":"product_tag","embeddable":true,"href":"https:\/\/michaelbern.com\/de\/wp-json\/wp\/v2\/product_tag?post=2619"}],"curies":[{"name":"wp","href":"https:\/\/api.w.org\/{rel}","templated":true}]}}