{"id":2590,"date":"2021-02-06T04:08:12","date_gmt":"2021-02-06T03:08:12","guid":{"rendered":"https:\/\/michaelbern.com\/product\/hamilton-jazzmaster-maestro-45mm\/"},"modified":"2022-04-08T15:25:46","modified_gmt":"2022-04-08T13:25:46","slug":"hamilton-jazzmaster-maestro-45mm","status":"publish","type":"product","link":"https:\/\/michaelbern.com\/de\/product\/hamilton-jazzmaster-maestro-45mm\/","title":{"rendered":"Hamilton Jazzmaster Maestro 45mm"},"content":{"rendered":"<p>Die Hamilton Jazzmaster Maestro Auto Chrono spielt mit Hilfe der neusten Innovationen der Uhrmacherkunst die bew\u00e4hrten Melodien ihrer Originalversion. Dieser Hochleistungs-Automatikchronograph mit dem neu entwickelten H-21 Uhrwerk verf\u00fcgt \u00fcber eine Gangreserve von 60 Stunden. Modern zeigen sich das zeitgem\u00e4ss geformte Geh\u00e4use und das Zifferblatt-Design. Alles in allem ist die Hamilton Jazzmaster Meastro Auto Chrono ein Sinnbild f\u00fcr raffinierte Bedienbarkeit und Zuverl\u00e4ssigkeit. Details pr\u00e4gen das Design Die spezielle Formgebung des entspiegelten Saphirglases gew\u00e4hrleistet maximale Sichtbarkeit auf das Zifferblatt und leitet den Blick subtil auf die drei Z\u00e4hler der Uhr.<\/p>\n","protected":false},"excerpt":{"rendered":"<p>Die Hamilton Jazzmaster Maestro Auto Chrono spielt mit Hilfe der neusten Innovationen der Uhrmacherkunst die bew\u00e4hrten Melodien ihrer Originalversion. Dieser Hochleistungs-Automatikchronograph mit dem neu entwickelten H-21 Uhrwerk verf\u00fcgt \u00fcber eine Gangreserve von 60 Stunden. Modern zeigen sich das zeitgem\u00e4ss geformte Geh\u00e4use und das Zifferblatt-Design. Alles in allem ist die Hamilton Jazzmaster Meastro Auto Chrono ein [&hellip;]<\/p>\n","protected":false},"featured_media":2583,"comment_status":"open","ping_status":"closed","template":"","meta":{"inline_featured_image":false},"product_brand":[],"product_cat":[89,56],"product_tag":[],"class_list":{"0":"post-2590","1":"product","2":"type-product","3":"status-publish","4":"has-post-thumbnail","6":"product_cat-hamilton","7":"product_cat-uhren","8":"post-item","10":"first","11":"outofstock","12":"taxable","13":"shipping-taxable","14":"purchasable","15":"product-type-simple"},"_links":{"self":[{"href":"https:\/\/michaelbern.com\/de\/wp-json\/wp\/v2\/product\/2590","targetHints":{"allow":["GET"]}}],"collection":[{"href":"https:\/\/michaelbern.com\/de\/wp-json\/wp\/v2\/product"}],"about":[{"href":"https:\/\/michaelbern.com\/de\/wp-json\/wp\/v2\/types\/product"}],"replies":[{"embeddable":true,"href":"https:\/\/michaelbern.com\/de\/wp-json\/wp\/v2\/comments?post=2590"}],"wp:featuredmedia":[{"embeddable":true,"href":"https:\/\/michaelbern.com\/de\/wp-json\/wp\/v2\/media\/2583"}],"wp:attachment":[{"href":"https:\/\/michaelbern.com\/de\/wp-json\/wp\/v2\/media?parent=2590"}],"wp:term":[{"taxonomy":"product_brand","embeddable":true,"href":"https:\/\/michaelbern.com\/de\/wp-json\/wp\/v2\/product_brand?post=2590"},{"taxonomy":"product_cat","embeddable":true,"href":"https:\/\/michaelbern.com\/de\/wp-json\/wp\/v2\/product_cat?post=2590"},{"taxonomy":"product_tag","embeddable":true,"href":"https:\/\/michaelbern.com\/de\/wp-json\/wp\/v2\/product_tag?post=2590"}],"curies":[{"name":"wp","href":"https:\/\/api.w.org\/{rel}","templated":true}]}}