{"id":2391,"date":"2021-02-06T04:06:07","date_gmt":"2021-02-06T03:06:07","guid":{"rendered":"https:\/\/michaelbern.com\/product\/rado-coupole-classic-s-moonphase-superjubile-2\/"},"modified":"2022-04-08T15:25:52","modified_gmt":"2022-04-08T13:25:52","slug":"rado-coupole-classic-s-moonphase-superjubile-2","status":"publish","type":"product","link":"https:\/\/michaelbern.com\/de\/product\/rado-coupole-classic-s-moonphase-superjubile-2\/","title":{"rendered":"Rado Coupole Classic S Moonphase Superjubil\u00e9"},"content":{"rendered":"<p>Diese Rado Coupole Classic ist wie der Name schon sagt ein wahrer Klassiker. Die Kollektion wurde im Jahr 1987 zum ersten Mal aufgelegt. Jetzt ist Rado auf sie zur\u00fcckgekommen und hat ihr einen neuen, ausgefallenen Look verliehen. Mit einem runden Zifferblatt, das durch das gew\u00f6lbte Saphirglas gesch\u00fctzt wird, ist diese Armbanduhr eine elegante Begleiterin f\u00fcr jeden Tag. Das schlichte Perlmutt Zifferblatt in Verbindung mit dem eleganten Edelstahlarmband setzt Akzente und macht sie so zum perfekten Accessoire f\u00fcrs Handgelenk. Im Mittelpunkt dieses Zeitmessers steht, wie der Name uns schon verr\u00e4t, die klassische Mondanzeige, welche bei Rado eine Neuerscheinung ist. Auf den Tag genau zeigt uns die Mondanzeige an, in welcher gr\u00f6sse sich der Mond in der jeweiligen Nacht am Himmel entfalten wird. Die funkelnden Diamanten auf dem Zifferblatt und der L\u00fcnette verleihen ihr zus\u00e4tzlichen Glanz und werten somit die schlichte Erscheinung gekonnt auf.<\/p>\n","protected":false},"excerpt":{"rendered":"<p>Diese Rado Coupole Classic ist wie der Name schon sagt ein wahrer Klassiker. Die Kollektion wurde im Jahr 1987 zum ersten Mal aufgelegt. Jetzt ist Rado auf sie zur\u00fcckgekommen und hat ihr einen neuen, ausgefallenen Look verliehen. Mit einem runden Zifferblatt, das durch das gew\u00f6lbte Saphirglas gesch\u00fctzt wird, ist diese Armbanduhr eine elegante Begleiterin f\u00fcr [&hellip;]<\/p>\n","protected":false},"featured_media":2387,"comment_status":"open","ping_status":"closed","template":"","meta":{"inline_featured_image":false},"product_brand":[],"product_cat":[97,56,57],"product_tag":[],"class_list":{"0":"post-2391","1":"product","2":"type-product","3":"status-publish","4":"has-post-thumbnail","6":"product_cat-rado","7":"product_cat-uhren","8":"product_cat-damenuhren","9":"post-item","11":"first","12":"outofstock","13":"taxable","14":"shipping-taxable","15":"purchasable","16":"product-type-simple"},"_links":{"self":[{"href":"https:\/\/michaelbern.com\/de\/wp-json\/wp\/v2\/product\/2391","targetHints":{"allow":["GET"]}}],"collection":[{"href":"https:\/\/michaelbern.com\/de\/wp-json\/wp\/v2\/product"}],"about":[{"href":"https:\/\/michaelbern.com\/de\/wp-json\/wp\/v2\/types\/product"}],"replies":[{"embeddable":true,"href":"https:\/\/michaelbern.com\/de\/wp-json\/wp\/v2\/comments?post=2391"}],"wp:featuredmedia":[{"embeddable":true,"href":"https:\/\/michaelbern.com\/de\/wp-json\/wp\/v2\/media\/2387"}],"wp:attachment":[{"href":"https:\/\/michaelbern.com\/de\/wp-json\/wp\/v2\/media?parent=2391"}],"wp:term":[{"taxonomy":"product_brand","embeddable":true,"href":"https:\/\/michaelbern.com\/de\/wp-json\/wp\/v2\/product_brand?post=2391"},{"taxonomy":"product_cat","embeddable":true,"href":"https:\/\/michaelbern.com\/de\/wp-json\/wp\/v2\/product_cat?post=2391"},{"taxonomy":"product_tag","embeddable":true,"href":"https:\/\/michaelbern.com\/de\/wp-json\/wp\/v2\/product_tag?post=2391"}],"curies":[{"name":"wp","href":"https:\/\/api.w.org\/{rel}","templated":true}]}}