{"id":2380,"date":"2021-02-06T04:06:00","date_gmt":"2021-02-06T03:06:00","guid":{"rendered":"https:\/\/michaelbern.com\/product\/rado-centrix-l-automatik-open-heart-6\/"},"modified":"2022-04-08T15:25:53","modified_gmt":"2022-04-08T13:25:53","slug":"rado-centrix-l-automatik-open-heart-6","status":"publish","type":"product","link":"https:\/\/michaelbern.com\/de\/product\/rado-centrix-l-automatik-open-heart-6\/","title":{"rendered":"Rado Centrix L Automatik Open Heart"},"content":{"rendered":"<p>Die Automatic Open Heart aus der beliebten Centrix Kollektion gew\u00e4hrt einen Blick auf das hochwertige Schweizer Automatikwerk im Inneren der Uhr und beweist, dass es die inneren Werte sind, die z\u00e4hlen. Dank Rados charakteristischem Saphirglas f\u00fcr einen kratzfesten Glanz sind diese Uhren garantiert ein Leben lang sch\u00f6n anzuschauen.<\/p>\n","protected":false},"excerpt":{"rendered":"<p>Die Automatic Open Heart aus der beliebten Centrix Kollektion gew\u00e4hrt einen Blick auf das hochwertige Schweizer Automatikwerk im Inneren der Uhr und beweist, dass es die inneren Werte sind, die z\u00e4hlen. Dank Rados charakteristischem Saphirglas f\u00fcr einen kratzfesten Glanz sind diese Uhren garantiert ein Leben lang sch\u00f6n anzuschauen.<\/p>\n","protected":false},"featured_media":2372,"comment_status":"open","ping_status":"closed","template":"","meta":{"inline_featured_image":false},"product_brand":[],"product_cat":[97,56],"product_tag":[],"class_list":{"0":"post-2380","1":"product","2":"type-product","3":"status-publish","4":"has-post-thumbnail","6":"product_cat-rado","7":"product_cat-uhren","8":"post-item","10":"first","11":"outofstock","12":"taxable","13":"shipping-taxable","14":"purchasable","15":"product-type-simple"},"_links":{"self":[{"href":"https:\/\/michaelbern.com\/de\/wp-json\/wp\/v2\/product\/2380","targetHints":{"allow":["GET"]}}],"collection":[{"href":"https:\/\/michaelbern.com\/de\/wp-json\/wp\/v2\/product"}],"about":[{"href":"https:\/\/michaelbern.com\/de\/wp-json\/wp\/v2\/types\/product"}],"replies":[{"embeddable":true,"href":"https:\/\/michaelbern.com\/de\/wp-json\/wp\/v2\/comments?post=2380"}],"wp:featuredmedia":[{"embeddable":true,"href":"https:\/\/michaelbern.com\/de\/wp-json\/wp\/v2\/media\/2372"}],"wp:attachment":[{"href":"https:\/\/michaelbern.com\/de\/wp-json\/wp\/v2\/media?parent=2380"}],"wp:term":[{"taxonomy":"product_brand","embeddable":true,"href":"https:\/\/michaelbern.com\/de\/wp-json\/wp\/v2\/product_brand?post=2380"},{"taxonomy":"product_cat","embeddable":true,"href":"https:\/\/michaelbern.com\/de\/wp-json\/wp\/v2\/product_cat?post=2380"},{"taxonomy":"product_tag","embeddable":true,"href":"https:\/\/michaelbern.com\/de\/wp-json\/wp\/v2\/product_tag?post=2380"}],"curies":[{"name":"wp","href":"https:\/\/api.w.org\/{rel}","templated":true}]}}