{"id":2158,"date":"2021-02-06T04:03:39","date_gmt":"2021-02-06T03:03:39","guid":{"rendered":"https:\/\/michaelbern.com\/product\/bomberg-bb-01-automatic-black\/"},"modified":"2022-04-08T15:27:18","modified_gmt":"2022-04-08T13:27:18","slug":"bomberg-bb-01-automatic-black","status":"publish","type":"product","link":"https:\/\/michaelbern.com\/de\/product\/bomberg-bb-01-automatic-black\/","title":{"rendered":"Bomberg BB-01 Automatic Black"},"content":{"rendered":"<p>Diese ultra-heisse Armbanduhr im Rennstil ist fast ausschliesslich schwarz, mit weissem Schriftzug und einigen subtilen Graut\u00f6nen, und verf\u00fcgt \u00fcber ein sechszackiges geometrisches Design wie die Speichen eines Rades, um das Zifferblatt zu dekorieren. Das Armband ist aus schwarzem, rennsporttauglichem Silikon. Die Krone sitzt bei 2 Uhr auf dem Geh\u00e4use, welches \u00fcber eine dekorative Textur im Stil einer &#171;Granate&#187; verf\u00fcgt. Sie ist die perfekte Uhr f\u00fcr alles, was Sie tun: von Vorstandssitzungen bis hin zum Segeln, von der Leadgitarre bis hin zu hochintensiven Sportarten und Rennen. Sie sch\u00e4tzen die K\u00fchnheit, die Furchtlosigkeit, die Konzentration? Diese Armbanduhr ist der richtige Begleiter &#8211; einfach erstklassige Funktionalit\u00e4t und elegante Perfektion. Die Uhr ist ein Genuss, sie zu betrachten und zu tragen, und die zuverl\u00e4ssige Schweizer Technik im Inneren des Geh\u00e4uses sorgt f\u00fcr eine lange Lebensdauer.<\/p>\n","protected":false},"excerpt":{"rendered":"<p>Diese ultra-heisse Armbanduhr im Rennstil ist fast ausschliesslich schwarz, mit weissem Schriftzug und einigen subtilen Graut\u00f6nen, und verf\u00fcgt \u00fcber ein sechszackiges geometrisches Design wie die Speichen eines Rades, um das Zifferblatt zu dekorieren. Das Armband ist aus schwarzem, rennsporttauglichem Silikon. Die Krone sitzt bei 2 Uhr auf dem Geh\u00e4use, welches \u00fcber eine dekorative Textur im [&hellip;]<\/p>\n","protected":false},"featured_media":2151,"comment_status":"open","ping_status":"closed","template":"","meta":{"inline_featured_image":false},"product_brand":[],"product_cat":[106,56],"product_tag":[],"class_list":{"0":"post-2158","1":"product","2":"type-product","3":"status-publish","4":"has-post-thumbnail","6":"product_cat-bomberg","7":"product_cat-uhren","8":"post-item","10":"first","11":"outofstock","12":"taxable","13":"shipping-taxable","14":"purchasable","15":"product-type-simple"},"_links":{"self":[{"href":"https:\/\/michaelbern.com\/de\/wp-json\/wp\/v2\/product\/2158","targetHints":{"allow":["GET"]}}],"collection":[{"href":"https:\/\/michaelbern.com\/de\/wp-json\/wp\/v2\/product"}],"about":[{"href":"https:\/\/michaelbern.com\/de\/wp-json\/wp\/v2\/types\/product"}],"replies":[{"embeddable":true,"href":"https:\/\/michaelbern.com\/de\/wp-json\/wp\/v2\/comments?post=2158"}],"wp:featuredmedia":[{"embeddable":true,"href":"https:\/\/michaelbern.com\/de\/wp-json\/wp\/v2\/media\/2151"}],"wp:attachment":[{"href":"https:\/\/michaelbern.com\/de\/wp-json\/wp\/v2\/media?parent=2158"}],"wp:term":[{"taxonomy":"product_brand","embeddable":true,"href":"https:\/\/michaelbern.com\/de\/wp-json\/wp\/v2\/product_brand?post=2158"},{"taxonomy":"product_cat","embeddable":true,"href":"https:\/\/michaelbern.com\/de\/wp-json\/wp\/v2\/product_cat?post=2158"},{"taxonomy":"product_tag","embeddable":true,"href":"https:\/\/michaelbern.com\/de\/wp-json\/wp\/v2\/product_tag?post=2158"}],"curies":[{"name":"wp","href":"https:\/\/api.w.org\/{rel}","templated":true}]}}