{"id":2052,"date":"2021-02-06T04:02:25","date_gmt":"2021-02-06T03:02:25","guid":{"rendered":"https:\/\/michaelbern.com\/product\/bomberg-bolt-68-racing-chronograph-2\/"},"modified":"2022-04-08T15:27:21","modified_gmt":"2022-04-08T13:27:21","slug":"bomberg-bolt-68-racing-chronograph-2","status":"publish","type":"product","link":"https:\/\/michaelbern.com\/de\/product\/bomberg-bolt-68-racing-chronograph-2\/","title":{"rendered":"Bomberg Bolt-68 Racing Chronograph"},"content":{"rendered":"<p>Dieser stylische Chronograph mit k\u00fchnem Design besticht durch die unverkennbaren Merkmale von BOMBERG in XL-Gr\u00f6sse: Krone bei 12 Uhr in der \u201eBullhead\u201c-Position und farblich abgestimmter Dr\u00fcckerausl\u00f6ser bei 11 Uhr. Dank eines Medaillons kann dieser Zeitmesser zur Taschenuhr mutieren, wobei eine zus\u00e4tzlich angebotene Kette das hervorragend zum jeweiligen Geh\u00e4use passende Armband abl\u00f6st.<\/p>\n","protected":false},"excerpt":{"rendered":"<p>Dieser stylische Chronograph mit k\u00fchnem Design besticht durch die unverkennbaren Merkmale von BOMBERG in XL-Gr\u00f6sse: Krone bei 12 Uhr in der \u201eBullhead\u201c-Position und farblich abgestimmter Dr\u00fcckerausl\u00f6ser bei 11 Uhr. Dank eines Medaillons kann dieser Zeitmesser zur Taschenuhr mutieren, wobei eine zus\u00e4tzlich angebotene Kette das hervorragend zum jeweiligen Geh\u00e4use passende Armband abl\u00f6st.<\/p>\n","protected":false},"featured_media":2046,"comment_status":"open","ping_status":"closed","template":"","meta":{"inline_featured_image":false},"product_brand":[],"product_cat":[106,56],"product_tag":[],"class_list":{"0":"post-2052","1":"product","2":"type-product","3":"status-publish","4":"has-post-thumbnail","6":"product_cat-bomberg","7":"product_cat-uhren","8":"post-item","10":"first","11":"outofstock","12":"taxable","13":"shipping-taxable","14":"purchasable","15":"product-type-simple"},"_links":{"self":[{"href":"https:\/\/michaelbern.com\/de\/wp-json\/wp\/v2\/product\/2052","targetHints":{"allow":["GET"]}}],"collection":[{"href":"https:\/\/michaelbern.com\/de\/wp-json\/wp\/v2\/product"}],"about":[{"href":"https:\/\/michaelbern.com\/de\/wp-json\/wp\/v2\/types\/product"}],"replies":[{"embeddable":true,"href":"https:\/\/michaelbern.com\/de\/wp-json\/wp\/v2\/comments?post=2052"}],"wp:featuredmedia":[{"embeddable":true,"href":"https:\/\/michaelbern.com\/de\/wp-json\/wp\/v2\/media\/2046"}],"wp:attachment":[{"href":"https:\/\/michaelbern.com\/de\/wp-json\/wp\/v2\/media?parent=2052"}],"wp:term":[{"taxonomy":"product_brand","embeddable":true,"href":"https:\/\/michaelbern.com\/de\/wp-json\/wp\/v2\/product_brand?post=2052"},{"taxonomy":"product_cat","embeddable":true,"href":"https:\/\/michaelbern.com\/de\/wp-json\/wp\/v2\/product_cat?post=2052"},{"taxonomy":"product_tag","embeddable":true,"href":"https:\/\/michaelbern.com\/de\/wp-json\/wp\/v2\/product_tag?post=2052"}],"curies":[{"name":"wp","href":"https:\/\/api.w.org\/{rel}","templated":true}]}}