{"id":1944,"date":"2021-02-06T04:01:18","date_gmt":"2021-02-06T03:01:18","guid":{"rendered":"https:\/\/michaelbern.com\/product\/louis-erard-heritage-date\/"},"modified":"2022-04-08T15:27:25","modified_gmt":"2022-04-08T13:27:25","slug":"louis-erard-heritage-date","status":"publish","type":"product","link":"https:\/\/michaelbern.com\/de\/product\/louis-erard-heritage-date\/","title":{"rendered":"Louis Erard H\u00e9ritage Date"},"content":{"rendered":"<p>Ein graues Sonnenschliff-Zifferblatt, das sich auf der Kontur progressiv nach schwarz abschattet, verleiht der H\u00e9ritage von Louis Erard Tiefe und Intensit\u00e4t. Inspiriert von der Natur, den Lichtern und der Reinheit des Schweizer Juras von morgens bis abends, ist die H\u00e9ritage f\u00fcr diejenigen, die auf der Suche nach einem Hauch von Raffinesse ohne himmelhohe Preise sind, zum Greifen nah.<\/p>\n","protected":false},"excerpt":{"rendered":"<p>Ein graues Sonnenschliff-Zifferblatt, das sich auf der Kontur progressiv nach schwarz abschattet, verleiht der H\u00e9ritage von Louis Erard Tiefe und Intensit\u00e4t. Inspiriert von der Natur, den Lichtern und der Reinheit des Schweizer Juras von morgens bis abends, ist die H\u00e9ritage f\u00fcr diejenigen, die auf der Suche nach einem Hauch von Raffinesse ohne himmelhohe Preise sind, [&hellip;]<\/p>\n","protected":false},"featured_media":1939,"comment_status":"open","ping_status":"closed","template":"","meta":{"inline_featured_image":false},"product_brand":[],"product_cat":[105,56],"product_tag":[],"class_list":{"0":"post-1944","1":"product","2":"type-product","3":"status-publish","4":"has-post-thumbnail","6":"product_cat-louis-erard","7":"product_cat-uhren","8":"post-item","10":"first","11":"outofstock","12":"taxable","13":"shipping-taxable","14":"purchasable","15":"product-type-simple"},"_links":{"self":[{"href":"https:\/\/michaelbern.com\/de\/wp-json\/wp\/v2\/product\/1944","targetHints":{"allow":["GET"]}}],"collection":[{"href":"https:\/\/michaelbern.com\/de\/wp-json\/wp\/v2\/product"}],"about":[{"href":"https:\/\/michaelbern.com\/de\/wp-json\/wp\/v2\/types\/product"}],"replies":[{"embeddable":true,"href":"https:\/\/michaelbern.com\/de\/wp-json\/wp\/v2\/comments?post=1944"}],"wp:featuredmedia":[{"embeddable":true,"href":"https:\/\/michaelbern.com\/de\/wp-json\/wp\/v2\/media\/1939"}],"wp:attachment":[{"href":"https:\/\/michaelbern.com\/de\/wp-json\/wp\/v2\/media?parent=1944"}],"wp:term":[{"taxonomy":"product_brand","embeddable":true,"href":"https:\/\/michaelbern.com\/de\/wp-json\/wp\/v2\/product_brand?post=1944"},{"taxonomy":"product_cat","embeddable":true,"href":"https:\/\/michaelbern.com\/de\/wp-json\/wp\/v2\/product_cat?post=1944"},{"taxonomy":"product_tag","embeddable":true,"href":"https:\/\/michaelbern.com\/de\/wp-json\/wp\/v2\/product_tag?post=1944"}],"curies":[{"name":"wp","href":"https:\/\/api.w.org\/{rel}","templated":true}]}}