{"id":1849,"date":"2021-02-06T04:00:17","date_gmt":"2021-02-06T03:00:17","guid":{"rendered":"https:\/\/michaelbern.com\/product\/mido-multifort-mechanical-skeleton-limited-edition\/"},"modified":"2022-04-08T15:27:28","modified_gmt":"2022-04-08T13:27:28","slug":"mido-multifort-mechanical-skeleton-limited-edition","status":"publish","type":"product","link":"https:\/\/michaelbern.com\/de\/product\/mido-multifort-mechanical-skeleton-limited-edition\/","title":{"rendered":"Mido Multifort Mechanical Skeleton Limited Edition"},"content":{"rendered":"<p>Die Multifort Mechanical Skeleton Limited Edition verf\u00fcgt \u00fcber ein Hightech-Titangeh\u00e4use mit schwarzer PVD-Behandlung und einem Durchmesser von 44 mm. Das Zifferblatt weicht einem skelettierten Uhrwerk mit einer schwarzen Platte, die mit Genfer Streifen verziert ist \u2013 die wahre DNA der Multifort-Kollektion. In dieser Premiere f\u00fcr Mido zeigt die Marke mutig das volle Ausmass ihrer Uhrenkompetenz. Diese seltene Serie ist auf 999 nummerierte Zeitmesser limitiert.<\/p>\n","protected":false},"excerpt":{"rendered":"<p>Die Multifort Mechanical Skeleton Limited Edition verf\u00fcgt \u00fcber ein Hightech-Titangeh\u00e4use mit schwarzer PVD-Behandlung und einem Durchmesser von 44 mm. Das Zifferblatt weicht einem skelettierten Uhrwerk mit einer schwarzen Platte, die mit Genfer Streifen verziert ist \u2013 die wahre DNA der Multifort-Kollektion. In dieser Premiere f\u00fcr Mido zeigt die Marke mutig das volle Ausmass ihrer Uhrenkompetenz. [&hellip;]<\/p>\n","protected":false},"featured_media":1841,"comment_status":"open","ping_status":"closed","template":"","meta":{"inline_featured_image":false},"product_brand":[],"product_cat":[104,56],"product_tag":[],"class_list":{"0":"post-1849","1":"product","2":"type-product","3":"status-publish","4":"has-post-thumbnail","6":"product_cat-mido","7":"product_cat-uhren","8":"post-item","10":"first","11":"outofstock","12":"taxable","13":"shipping-taxable","14":"purchasable","15":"product-type-simple"},"_links":{"self":[{"href":"https:\/\/michaelbern.com\/de\/wp-json\/wp\/v2\/product\/1849","targetHints":{"allow":["GET"]}}],"collection":[{"href":"https:\/\/michaelbern.com\/de\/wp-json\/wp\/v2\/product"}],"about":[{"href":"https:\/\/michaelbern.com\/de\/wp-json\/wp\/v2\/types\/product"}],"replies":[{"embeddable":true,"href":"https:\/\/michaelbern.com\/de\/wp-json\/wp\/v2\/comments?post=1849"}],"wp:featuredmedia":[{"embeddable":true,"href":"https:\/\/michaelbern.com\/de\/wp-json\/wp\/v2\/media\/1841"}],"wp:attachment":[{"href":"https:\/\/michaelbern.com\/de\/wp-json\/wp\/v2\/media?parent=1849"}],"wp:term":[{"taxonomy":"product_brand","embeddable":true,"href":"https:\/\/michaelbern.com\/de\/wp-json\/wp\/v2\/product_brand?post=1849"},{"taxonomy":"product_cat","embeddable":true,"href":"https:\/\/michaelbern.com\/de\/wp-json\/wp\/v2\/product_cat?post=1849"},{"taxonomy":"product_tag","embeddable":true,"href":"https:\/\/michaelbern.com\/de\/wp-json\/wp\/v2\/product_tag?post=1849"}],"curies":[{"name":"wp","href":"https:\/\/api.w.org\/{rel}","templated":true}]}}