{"id":1555,"date":"2021-02-06T03:57:13","date_gmt":"2021-02-06T02:57:13","guid":{"rendered":"https:\/\/michaelbern.com\/product\/mido-belluna-royal-milady-automatik-special-edition\/"},"modified":"2022-04-08T15:27:37","modified_gmt":"2022-04-08T13:27:37","slug":"mido-belluna-royal-milady-automatik-special-edition","status":"publish","type":"product","link":"https:\/\/michaelbern.com\/de\/product\/mido-belluna-royal-milady-automatik-special-edition\/","title":{"rendered":"Mido Belluna Royal Milady Automatik Special Edition"},"content":{"rendered":"<p>Die 1871 zur F\u00f6rderung der K\u00fcnste und Wissenschaften eingeweihte Royal Albert Hall in London ist heute einer der bekanntesten Konzerts\u00e4le Gro\u00dfbritanniens. Das in einem rein viktorianischen Stil errichtete immense Bauwerk aus rotem Backstein besteht aus verschiedenen konzentrischen Kreisen. Eine geschwungene Architektur voller Rundungen, die in der Mitte von einer imposanten Glaskuppel \u00fcberragt wird. Die Kollektion Belluna dr\u00fcckt ganz im Zeichen dieses prachtvollen Bauwerks eine perfekte Formharmonie aus und bringt ihre klassische und zeitlose Eleganz optimal zur Geltung.<br \/>\nDie Kollektion Belluna Royal Lady zeichnet sich durch ein formsch\u00f6nes Geh\u00e4use sowie ein mit Diamanten verziertes Sunray-Zifferblatt im Guilloch\u00e9-Stil aus. Das Kaliber 80 garantiert eine Gangreserve von bis zu 80 Stunden. Zu dieser Sonder-Edition geh\u00f6ren drei austauschbare Armb\u00e4nder: aus burgunderrotem Satin, weissem Leder und schwarzem Leder.<\/p>\n","protected":false},"excerpt":{"rendered":"<p>Die 1871 zur F\u00f6rderung der K\u00fcnste und Wissenschaften eingeweihte Royal Albert Hall in London ist heute einer der bekanntesten Konzerts\u00e4le Gro\u00dfbritanniens. Das in einem rein viktorianischen Stil errichtete immense Bauwerk aus rotem Backstein besteht aus verschiedenen konzentrischen Kreisen. Eine geschwungene Architektur voller Rundungen, die in der Mitte von einer imposanten Glaskuppel \u00fcberragt wird. Die Kollektion [&hellip;]<\/p>\n","protected":false},"featured_media":1548,"comment_status":"open","ping_status":"closed","template":"","meta":{"inline_featured_image":false},"product_brand":[],"product_cat":[104,56,57],"product_tag":[],"class_list":{"0":"post-1555","1":"product","2":"type-product","3":"status-publish","4":"has-post-thumbnail","6":"product_cat-mido","7":"product_cat-uhren","8":"product_cat-damenuhren","9":"post-item","11":"first","12":"outofstock","13":"taxable","14":"shipping-taxable","15":"purchasable","16":"product-type-simple"},"_links":{"self":[{"href":"https:\/\/michaelbern.com\/de\/wp-json\/wp\/v2\/product\/1555","targetHints":{"allow":["GET"]}}],"collection":[{"href":"https:\/\/michaelbern.com\/de\/wp-json\/wp\/v2\/product"}],"about":[{"href":"https:\/\/michaelbern.com\/de\/wp-json\/wp\/v2\/types\/product"}],"replies":[{"embeddable":true,"href":"https:\/\/michaelbern.com\/de\/wp-json\/wp\/v2\/comments?post=1555"}],"wp:featuredmedia":[{"embeddable":true,"href":"https:\/\/michaelbern.com\/de\/wp-json\/wp\/v2\/media\/1548"}],"wp:attachment":[{"href":"https:\/\/michaelbern.com\/de\/wp-json\/wp\/v2\/media?parent=1555"}],"wp:term":[{"taxonomy":"product_brand","embeddable":true,"href":"https:\/\/michaelbern.com\/de\/wp-json\/wp\/v2\/product_brand?post=1555"},{"taxonomy":"product_cat","embeddable":true,"href":"https:\/\/michaelbern.com\/de\/wp-json\/wp\/v2\/product_cat?post=1555"},{"taxonomy":"product_tag","embeddable":true,"href":"https:\/\/michaelbern.com\/de\/wp-json\/wp\/v2\/product_tag?post=1555"}],"curies":[{"name":"wp","href":"https:\/\/api.w.org\/{rel}","templated":true}]}}