{"id":1458,"date":"2021-02-06T03:56:15","date_gmt":"2021-02-06T02:56:15","guid":{"rendered":"https:\/\/michaelbern.com\/product\/swiss-military-hanowa-platoon-3\/"},"modified":"2022-04-08T15:27:42","modified_gmt":"2022-04-08T13:27:42","slug":"swiss-military-hanowa-platoon-3","status":"publish","type":"product","link":"https:\/\/michaelbern.com\/de\/product\/swiss-military-hanowa-platoon-3\/","title":{"rendered":"Swiss Military Hanowa Platoon"},"content":{"rendered":"<p>Die Platoon ist eine ganz neue Herrenuhr aus dem Hause Swiss Military Hanowa. Das Geh\u00e4use ist aus hochwertigem, massivem Edelstahl hergestellt und hat eine geb\u00fcrstete Oberfl\u00e4che. F\u00fcr einen hohen Tragekomfort sorgt das hochwertige Armband aus Leder. Als besonderes Zeichen der Swiss Made Qualit\u00e4t tr\u00e4gt die Uhr das Schweizer Emblem auf dem mit Saphirglas gesch\u00fctzten Zifferblatt. Ein erstklassiges Schweizer Quarzwerk sorgt f\u00fcr pr\u00e4zise Zeitmessung. Die Leuchtzeiger und -indexe erlauben einfaches Ablesen der Zeit. Mit ihrem Erscheinungsbild wird sie viele Blicke auf sich ziehen.<\/p>\n","protected":false},"excerpt":{"rendered":"<p>Die Platoon ist eine ganz neue Herrenuhr aus dem Hause Swiss Military Hanowa. Das Geh\u00e4use ist aus hochwertigem, massivem Edelstahl hergestellt und hat eine geb\u00fcrstete Oberfl\u00e4che. F\u00fcr einen hohen Tragekomfort sorgt das hochwertige Armband aus Leder. Als besonderes Zeichen der Swiss Made Qualit\u00e4t tr\u00e4gt die Uhr das Schweizer Emblem auf dem mit Saphirglas gesch\u00fctzten Zifferblatt. [&hellip;]<\/p>\n","protected":false},"featured_media":1455,"comment_status":"open","ping_status":"closed","template":"","meta":{"inline_featured_image":false},"product_brand":[],"product_cat":[103,56],"product_tag":[],"class_list":{"0":"post-1458","1":"product","2":"type-product","3":"status-publish","4":"has-post-thumbnail","6":"product_cat-swiss-military-hanowa","7":"product_cat-uhren","8":"post-item","10":"first","11":"outofstock","12":"taxable","13":"shipping-taxable","14":"purchasable","15":"product-type-simple"},"_links":{"self":[{"href":"https:\/\/michaelbern.com\/de\/wp-json\/wp\/v2\/product\/1458","targetHints":{"allow":["GET"]}}],"collection":[{"href":"https:\/\/michaelbern.com\/de\/wp-json\/wp\/v2\/product"}],"about":[{"href":"https:\/\/michaelbern.com\/de\/wp-json\/wp\/v2\/types\/product"}],"replies":[{"embeddable":true,"href":"https:\/\/michaelbern.com\/de\/wp-json\/wp\/v2\/comments?post=1458"}],"wp:featuredmedia":[{"embeddable":true,"href":"https:\/\/michaelbern.com\/de\/wp-json\/wp\/v2\/media\/1455"}],"wp:attachment":[{"href":"https:\/\/michaelbern.com\/de\/wp-json\/wp\/v2\/media?parent=1458"}],"wp:term":[{"taxonomy":"product_brand","embeddable":true,"href":"https:\/\/michaelbern.com\/de\/wp-json\/wp\/v2\/product_brand?post=1458"},{"taxonomy":"product_cat","embeddable":true,"href":"https:\/\/michaelbern.com\/de\/wp-json\/wp\/v2\/product_cat?post=1458"},{"taxonomy":"product_tag","embeddable":true,"href":"https:\/\/michaelbern.com\/de\/wp-json\/wp\/v2\/product_tag?post=1458"}],"curies":[{"name":"wp","href":"https:\/\/api.w.org\/{rel}","templated":true}]}}