{"id":1303,"date":"2021-02-06T03:54:41","date_gmt":"2021-02-06T02:54:41","guid":{"rendered":"https:\/\/michaelbern.com\/product\/swiss-military-hanowa-swiss-recruit-lady-ii-2\/"},"modified":"2022-04-08T15:27:48","modified_gmt":"2022-04-08T13:27:48","slug":"swiss-military-hanowa-swiss-recruit-lady-ii-2","status":"publish","type":"product","link":"https:\/\/michaelbern.com\/de\/product\/swiss-military-hanowa-swiss-recruit-lady-ii-2\/","title":{"rendered":"Swiss Military Hanowa Swiss Recruit Lady II"},"content":{"rendered":"<p>Die Swiss Military Hanowa Swiss Recruit Lady Prime zeigt sich in einem raffinierten und sportlichen Kleid, besticht durch Pr\u00e4zision, Robustheit und ist bis zu einem Druck von 5 bar (50 m) wasserdicht. Mit ihrer Sportlichkeit wird sie viele Blicke auf sich ziehen. Zuverl\u00e4ssige Funktionen runden ihre aufregende Erscheinung ab. Das Geh\u00e4use ist aus hochwertigem, massivem Edelstahl hergestellt. Zudem verf\u00fcgt die Uhr \u00fcber ein kratzfestes Saphirglas. B\u00fchne frei f\u00fcr stilvolle Auftritte!<\/p>\n","protected":false},"excerpt":{"rendered":"<p>Die Swiss Military Hanowa Swiss Recruit Lady Prime zeigt sich in einem raffinierten und sportlichen Kleid, besticht durch Pr\u00e4zision, Robustheit und ist bis zu einem Druck von 5 bar (50 m) wasserdicht. Mit ihrer Sportlichkeit wird sie viele Blicke auf sich ziehen. Zuverl\u00e4ssige Funktionen runden ihre aufregende Erscheinung ab. Das Geh\u00e4use ist aus hochwertigem, massivem [&hellip;]<\/p>\n","protected":false},"featured_media":1299,"comment_status":"open","ping_status":"closed","template":"","meta":{"inline_featured_image":false},"product_brand":[],"product_cat":[103,56,57],"product_tag":[],"class_list":{"0":"post-1303","1":"product","2":"type-product","3":"status-publish","4":"has-post-thumbnail","6":"product_cat-swiss-military-hanowa","7":"product_cat-uhren","8":"product_cat-damenuhren","9":"post-item","11":"first","12":"outofstock","13":"taxable","14":"shipping-taxable","15":"purchasable","16":"product-type-simple"},"_links":{"self":[{"href":"https:\/\/michaelbern.com\/de\/wp-json\/wp\/v2\/product\/1303","targetHints":{"allow":["GET"]}}],"collection":[{"href":"https:\/\/michaelbern.com\/de\/wp-json\/wp\/v2\/product"}],"about":[{"href":"https:\/\/michaelbern.com\/de\/wp-json\/wp\/v2\/types\/product"}],"replies":[{"embeddable":true,"href":"https:\/\/michaelbern.com\/de\/wp-json\/wp\/v2\/comments?post=1303"}],"wp:featuredmedia":[{"embeddable":true,"href":"https:\/\/michaelbern.com\/de\/wp-json\/wp\/v2\/media\/1299"}],"wp:attachment":[{"href":"https:\/\/michaelbern.com\/de\/wp-json\/wp\/v2\/media?parent=1303"}],"wp:term":[{"taxonomy":"product_brand","embeddable":true,"href":"https:\/\/michaelbern.com\/de\/wp-json\/wp\/v2\/product_brand?post=1303"},{"taxonomy":"product_cat","embeddable":true,"href":"https:\/\/michaelbern.com\/de\/wp-json\/wp\/v2\/product_cat?post=1303"},{"taxonomy":"product_tag","embeddable":true,"href":"https:\/\/michaelbern.com\/de\/wp-json\/wp\/v2\/product_tag?post=1303"}],"curies":[{"name":"wp","href":"https:\/\/api.w.org\/{rel}","templated":true}]}}