{"id":1121,"date":"2021-02-06T03:52:51","date_gmt":"2021-02-06T02:52:51","guid":{"rendered":"https:\/\/michaelbern.com\/product\/luminox-f-22-raptor-9240-series\/"},"modified":"2022-04-08T15:27:54","modified_gmt":"2022-04-08T13:27:54","slug":"luminox-f-22-raptor-9240-series","status":"publish","type":"product","link":"https:\/\/michaelbern.com\/de\/product\/luminox-f-22-raptor-9240-series\/","title":{"rendered":"Luminox F-22 Raptor\u2122 9240 Series"},"content":{"rendered":"<p>Die Luminox Herrenuhr F-22 Raptor\u2122 9240 Series. Sportliche, hervorragend verarbeitete Titanium Uhr mit Nachtsichteigenschaften, die speziell f\u00fcr die Piloten der F-22 Raptor\u2122 entwickelt wurde. \u2013 Die Lockheed Martin F-22 Raptor ist ein Luft\u00fcberlegenheitsj\u00e4ger der US-Flugzeugbauer Lockheed Martin und Boeing, der ausschliesslich von der U.S. Air Force als Nachfolger f\u00fcr die F-15A-D Eagle eingesetzt wird. Besondere Merkmale sind ihre Tarnkappeneigenschaften, die hochmoderne Avionik und ihre F\u00e4higkeit, ohne Nachbrenner \u00fcberschallschnell zu fliegen.<\/p>\n","protected":false},"excerpt":{"rendered":"<p>Die Luminox Herrenuhr F-22 Raptor\u2122 9240 Series. Sportliche, hervorragend verarbeitete Titanium Uhr mit Nachtsichteigenschaften, die speziell f\u00fcr die Piloten der F-22 Raptor\u2122 entwickelt wurde. \u2013 Die Lockheed Martin F-22 Raptor ist ein Luft\u00fcberlegenheitsj\u00e4ger der US-Flugzeugbauer Lockheed Martin und Boeing, der ausschliesslich von der U.S. Air Force als Nachfolger f\u00fcr die F-15A-D Eagle eingesetzt wird. Besondere [&hellip;]<\/p>\n","protected":false},"featured_media":1116,"comment_status":"open","ping_status":"closed","template":"","meta":{"inline_featured_image":false},"product_brand":[],"product_cat":[102,56],"product_tag":[],"class_list":{"0":"post-1121","1":"product","2":"type-product","3":"status-publish","4":"has-post-thumbnail","6":"product_cat-luminox","7":"product_cat-uhren","8":"post-item","10":"first","11":"outofstock","12":"taxable","13":"shipping-taxable","14":"purchasable","15":"product-type-simple"},"_links":{"self":[{"href":"https:\/\/michaelbern.com\/de\/wp-json\/wp\/v2\/product\/1121","targetHints":{"allow":["GET"]}}],"collection":[{"href":"https:\/\/michaelbern.com\/de\/wp-json\/wp\/v2\/product"}],"about":[{"href":"https:\/\/michaelbern.com\/de\/wp-json\/wp\/v2\/types\/product"}],"replies":[{"embeddable":true,"href":"https:\/\/michaelbern.com\/de\/wp-json\/wp\/v2\/comments?post=1121"}],"wp:featuredmedia":[{"embeddable":true,"href":"https:\/\/michaelbern.com\/de\/wp-json\/wp\/v2\/media\/1116"}],"wp:attachment":[{"href":"https:\/\/michaelbern.com\/de\/wp-json\/wp\/v2\/media?parent=1121"}],"wp:term":[{"taxonomy":"product_brand","embeddable":true,"href":"https:\/\/michaelbern.com\/de\/wp-json\/wp\/v2\/product_brand?post=1121"},{"taxonomy":"product_cat","embeddable":true,"href":"https:\/\/michaelbern.com\/de\/wp-json\/wp\/v2\/product_cat?post=1121"},{"taxonomy":"product_tag","embeddable":true,"href":"https:\/\/michaelbern.com\/de\/wp-json\/wp\/v2\/product_tag?post=1121"}],"curies":[{"name":"wp","href":"https:\/\/api.w.org\/{rel}","templated":true}]}}