{"id":1106,"date":"2021-02-06T03:52:42","date_gmt":"2021-02-06T02:52:42","guid":{"rendered":"https:\/\/michaelbern.com\/product\/alpina-seastrong-diver-300-grau\/"},"modified":"2022-04-08T15:27:54","modified_gmt":"2022-04-08T13:27:54","slug":"alpina-seastrong-diver-300-grau","status":"publish","type":"product","link":"https:\/\/michaelbern.com\/de\/product\/alpina-seastrong-diver-300-grau\/","title":{"rendered":"Alpina Seastrong Diver 300 Grau"},"content":{"rendered":"<p>Bei der Baselworld 2016 pr\u00e4sentiert Alpina seine neue Automatik-Taucheruhrenserie, die zahlreiche Eigenschaften professioneller Taucheruhren sowie ein \u00e4usserst funktionales, auf das Wesentliche reduziertes Design besitzt, das Form und Funktion nahtlos miteinander verbindet. Die neue Alpina Seastrong Diver 300 Automatic ist eine professionelle Taucheruhr mit kissenf\u00f6rmigem 44-mm-Edelstahlgeh\u00e4use. Sie h\u00e4lt einem Druck von bis zu 30 bar (300 m) stand.<\/p>\n","protected":false},"excerpt":{"rendered":"<p>Bei der Baselworld 2016 pr\u00e4sentiert Alpina seine neue Automatik-Taucheruhrenserie, die zahlreiche Eigenschaften professioneller Taucheruhren sowie ein \u00e4usserst funktionales, auf das Wesentliche reduziertes Design besitzt, das Form und Funktion nahtlos miteinander verbindet. Die neue Alpina Seastrong Diver 300 Automatic ist eine professionelle Taucheruhr mit kissenf\u00f6rmigem 44-mm-Edelstahlgeh\u00e4use. Sie h\u00e4lt einem Druck von bis zu 30 bar (300 [&hellip;]<\/p>\n","protected":false},"featured_media":1098,"comment_status":"open","ping_status":"closed","template":"","meta":{"inline_featured_image":false},"product_brand":[],"product_cat":[142,56],"product_tag":[],"class_list":{"0":"post-1106","1":"product","2":"type-product","3":"status-publish","4":"has-post-thumbnail","6":"product_cat-marken","7":"product_cat-uhren","8":"post-item","10":"first","11":"outofstock","12":"taxable","13":"shipping-taxable","14":"purchasable","15":"product-type-simple"},"_links":{"self":[{"href":"https:\/\/michaelbern.com\/de\/wp-json\/wp\/v2\/product\/1106","targetHints":{"allow":["GET"]}}],"collection":[{"href":"https:\/\/michaelbern.com\/de\/wp-json\/wp\/v2\/product"}],"about":[{"href":"https:\/\/michaelbern.com\/de\/wp-json\/wp\/v2\/types\/product"}],"replies":[{"embeddable":true,"href":"https:\/\/michaelbern.com\/de\/wp-json\/wp\/v2\/comments?post=1106"}],"wp:featuredmedia":[{"embeddable":true,"href":"https:\/\/michaelbern.com\/de\/wp-json\/wp\/v2\/media\/1098"}],"wp:attachment":[{"href":"https:\/\/michaelbern.com\/de\/wp-json\/wp\/v2\/media?parent=1106"}],"wp:term":[{"taxonomy":"product_brand","embeddable":true,"href":"https:\/\/michaelbern.com\/de\/wp-json\/wp\/v2\/product_brand?post=1106"},{"taxonomy":"product_cat","embeddable":true,"href":"https:\/\/michaelbern.com\/de\/wp-json\/wp\/v2\/product_cat?post=1106"},{"taxonomy":"product_tag","embeddable":true,"href":"https:\/\/michaelbern.com\/de\/wp-json\/wp\/v2\/product_tag?post=1106"}],"curies":[{"name":"wp","href":"https:\/\/api.w.org\/{rel}","templated":true}]}}