{"id":3,"date":"2021-02-05T00:47:41","date_gmt":"2021-02-04T23:47:41","guid":{"rendered":"https:\/\/michaelbern.com\/?page_id=3"},"modified":"2021-05-06T22:32:28","modified_gmt":"2021-05-06T20:32:28","slug":"privacy","status":"publish","type":"page","link":"https:\/\/michaelbern.com\/de\/datenschutzerklaerung\/","title":{"rendered":"Datenschutz"},"content":{"rendered":"<h3>Datenschutzerkl\u00e4rung<\/h3>\n<p>Verantwortliche Stelle im Sinne der Datenschutzgesetze, insbesondere der EU-Datenschutzgrundverordnung (DSGVO), ist Central Jewellery AG, 8001 Zurich<\/p>\n<h3>Allgemeiner Hinweis<\/h3>\n<p>Gest\u00fctzt auf Artikel 13 der schweizerischen Bundesverfassung und die datenschutzrechtlichen Bestimmungen des Bundes (Datenschutzgesetz, DSG) hat jede Person Anspruch auf Schutz ihrer Privatsph\u00e4re sowie auf Schutz vor Missbrauch ihrer pers\u00f6nlichen Daten. Die Betreiber dieser Seiten nehmen den Schutz Ihrer pers\u00f6nlichen Daten sehr ernst. Wir behandeln Ihre personenbezogenen Daten vertraulich und entsprechend der gesetzlichen Datenschutzvorschriften sowie dieser Datenschutzerkl\u00e4rung.<\/p>\n<p>In Zusammenarbeit mit unseren Hosting-Providern bem\u00fchen wir uns, die Datenbanken so gut wie m\u00f6glich vor fremden Zugriffen, Verlusten, Missbrauch oder vor F\u00e4lschung zu sch\u00fctzen.<\/p>\n<p>Wir weisen darauf hin, dass die Daten\u00fcbertragung im Internet (z.B. bei der Kommunikation per E-Mail) Sicherheitsl\u00fccken aufweisen kann. Ein l\u00fcckenloser Schutz der Daten vor dem Zugriff durch Dritte ist nicht m\u00f6glich.<\/p>\n<p>Durch die Nutzung dieser Website erkl\u00e4ren Sie sich mit der Erhebung, Verarbeitung und Nutzung von Daten gem\u00e4ss der nachfolgenden Beschreibung einverstanden. Diese Website kann grunds\u00e4tzlich ohne Registrierung besucht werden. Dabei werden Daten wie beispielsweise aufgerufene Seiten bzw. Namen der abgerufenen Datei, Datum und Uhrzeit zu statistischen Zwecken auf dem Server gespeichert, ohne dass diese Daten unmittelbar auf Ihre Person bezogen werden. Personenbezogene Daten, insbesondere Name, Adresse oder E-Mail-Adresse werden soweit m\u00f6glich auf freiwilliger Basis erhoben. Ohne Ihre Einwilligung erfolgt keine Weitergabe der Daten an Dritte.<\/p>\n<h3>Bearbeitung von Personendaten<\/h3>\n<p>Personendaten sind alle Angaben, die sich auf eine bestimmte oder bestimmbare Person beziehen. Eine betroffene Person ist eine Person, \u00fcber die Personendaten bearbeitet werden. Bearbeiten umfasst jeden Umgang mit Personendaten, unabh\u00e4ngig von den angewandten Mitteln und Verfahren, insbesondere das Aufbewahren, Bekanntgeben, Beschaffen, L\u00f6schen, Speichern, Ver\u00e4ndern, Vernichten und Verwenden von Personendaten.<\/p>\n<p>Wir bearbeiten Personendaten im Einklang mit dem schweizerischen Datenschutzrecht. Im \u00dcbrigen bearbeiten wir \u2013 soweit und sofern die EU-DSGVO anwendbar ist \u2013 Personendaten gem\u00e4ss folgenden Rechtsgrundlagen im Zusammenhang mit Art. 6 Abs. 1 DSGVO:<\/p>\n<div>\u2022 lit. a) Bearbeitung von Personendaten mit Einwilligung der betroffenen Person.<\/div>\n<div>\u2022 lit. b) Bearbeitung von Personendaten zur Erf\u00fcllung eines Vertrages mit der betroffenen Person sowie zur Durchf\u00fchrung entsprechender vorvertraglicher Massnahmen.<\/div>\n<div>\u2022 lit. c) Bearbeitung von Personendaten zur Erf\u00fcllung einer rechtlichen Verpflichtung, der wir gem\u00e4ss allenfalls anwendbarem Recht der EU oder gem\u00e4ss allenfalls anwendbarem Recht eines Landes, in dem die DSGVO ganz oder teilweise anwendbar ist, unterliegen.<\/div>\n<div>\u2022 lit. d) Bearbeitung von Personendaten um lebenswichtige Interessen der betroffenen Person oder einer anderen nat\u00fcrlichen Person zu sch\u00fctzen.<\/div>\n<div>\u2022 lit. f) Bearbeitung von Personendaten um die berechtigten Interessen von uns oder von Dritten zu wahren, sofern nicht die Grundfreiheiten und Grundrechte sowie Interessen der betroffenen Person \u00fcberwiegen. Berechtigte Interessen sind insbesondere unser betriebswirtschaftliches Interesse, unsere Website bereitstellen zu k\u00f6nnen, die Informationssicherheit, die Durchsetzung von eigenen rechtlichen Anspr\u00fcchen und die Einhaltung von schweizerischem Recht.<\/div>\n<p>Wir bearbeiten Personendaten f\u00fcr jene Dauer, die f\u00fcr den jeweiligen Zweck oder die jeweiligen Zwecke erforderlich ist. Bei l\u00e4nger dauernden Aufbewahrungspflichten aufgrund von gesetzlichen und sonstigen Pflichten, denen wir unterliegen, schr\u00e4nken wir die Bearbeitung entsprechend ein.<\/p>\n<h3>Datenschutzerkl\u00e4rung f\u00fcr SSL-\/TLS-Verschl\u00fcsselung<\/h3>\n<p>Diese Website nutzt aus Gr\u00fcnden der Sicherheit und zum Schutz der \u00dcbertragung vertraulicher Inhalte, wie zum Beispiel der Anfragen, die Sie an uns als Seitenbetreiber senden, eine SSL-\/TLS-Verschl\u00fcsselung. Eine verschl\u00fcsselte Verbindung erkennen Sie daran, dass die Adresszeile des Browsers von &#171;http:\/\/&#187; auf &#171;https:\/\/&#187; wechselt und an dem Schloss-Symbol in Ihrer Browserzeile.<\/p>\n<p>Wenn die SSL bzw. TLS Verschl\u00fcsselung aktiviert ist, k\u00f6nnen die Daten, die Sie an uns \u00fcbermitteln, nicht von Dritten mitgelesen werden.<\/p>\n<h3>Datenschutzerkl\u00e4rung f\u00fcr Server-Log-Files<\/h3>\n<p>Der Provider dieser Website erhebt und speichert automatisch Informationen in so genannten Server-Log Files, die Ihr Browser automatisch an uns \u00fcbermittelt. Dies sind:<\/p>\n<div>\u2022 Browsertyp und Browserversion<\/div>\n<div>\u2022 verwendetes Betriebssystem<\/div>\n<div>\u2022 Referrer URL<\/div>\n<div>\u2022 Hostname des zugreifenden Rechners<\/div>\n<div>\u2022 Uhrzeit der Serveranfrage<\/div>\n<p>Diese Daten sind nicht bestimmten Personen zuordenbar. Eine Zusammenf\u00fchrung dieser Daten mit anderen Datenquellen wird nicht vorgenommen. Wir behalten uns vor, diese Daten nachtr\u00e4glich zupr\u00fcfen, wenn uns konkrete Anhaltspunkte f\u00fcr eine rechtswidrige Nutzung bekannt werden.<\/p>\n<h3>Dienste von Dritten<\/h3>\n<p>Diese Website verwenden allenfalls Google Maps f\u00fcr das Einbetten von Karten, Google Invisible reCAPTCHA f\u00fcr den Schutz gegen Bots und Spam sowie YouTube f\u00fcr das Einbetten von Videos.<\/p>\n<p>Diese Dienste der amerikanischen Google LLC verwenden unter anderem Cookies und infolgedessen werden Daten an Google in den USA \u00fcbertragen, wobei wir davon ausgehen, dass in diesem Rahmen kein personenbezogenes Tracking allein durch die Nutzung unserer Website stattfindet.<\/p>\n<p>Google hat sich verpflichtet, einen angemessenen Datenschutz gem\u00e4ss dem amerikanisch-europ\u00e4ischen und dem amerikanisch-schweizerischen Privacy Shield zu gew\u00e4hrleisten.<\/p>\n<p>Weitere Informationen finden sich in der <a href=\"https:\/\/policies.google.com\/privacy?hl=de\" target=\"_blank\" rel=\"noopener\">Datenschutzerkl\u00e4rung von Google<\/a>.<\/p>\n<h3>Datenschutzerkl\u00e4rung f\u00fcr Kontaktformular<\/h3>\n<p>Wenn Sie uns per Kontaktformular Anfragen zukommen lassen, werden Ihre Angaben aus dem Anfrageformular inklusive der von Ihnen dort angegebenen Kontaktdaten zwecks Bearbeitung der Anfrage und f\u00fcr den Fall von Anschlussfragen bei uns gespeichert. Diese Daten geben wir nicht ohne Ihre Einwilligung weiter.<\/p>\n<h3>Datenschutzerkl\u00e4rung f\u00fcr Newsletterdaten<\/h3>\n<p>Wenn Sie den auf dieser Website angebotenen Newsletter beziehen m\u00f6chten, ben\u00f6tigen wir von Ihnen eine E-Mail-Adresse sowie Informationen, welche uns die \u00dcberpr\u00fcfung gestatten, dass Sie der Inhaber der angegebenen E-Mail-Adresse sind und mit dem Empfang des Newsletters einverstanden sind. Weitere Daten werden nicht erhoben. Diese Daten verwenden wir ausschliesslich f\u00fcr den Versand der angeforderten Informationen und geben sie nicht an Dritte weiter.<\/p>\n<p>Die erteilte Einwilligung zur Speicherung der Daten, der E-Mail-Adresse sowie deren Nutzung zum Versand des Newsletters k\u00f6nnen Sie jederzeit widerrufen, etwa \u00fcber den \u00abAustragen-Link\u00bb im Newsletter.<\/p>\n<h3>Datenschutzerkl\u00e4rung f\u00fcr Kommentarfunktion auf dieser Website<\/h3>\n<p>F\u00fcr die Kommentarfunktion auf dieser Website werden neben Ihrem Kommentar auch Angaben zum Zeitpunkt der Erstellung des Kommentars, Ihre E-Mail-Adresse und, wenn Sie nicht anonym posten, der von Ihnen gew\u00e4hlte Nutzername gespeichert.<\/p>\n<p>Speicherung der IP Adresse<\/p>\n<p>Unsere Kommentarfunktion speichert die IP-Adressen der Nutzer, die Kommentare verfassen. Da wir Kommentare auf unserer Seite nicht vor der Freischaltung pr\u00fcfen, ben\u00f6tigen wir diese Daten, um im Falle von Rechtsverletzungen wie Beleidigungen oder Propaganda gegen den Verfasser vorgehen zu k\u00f6nnen.<\/p>\n<p>Abonnieren von Kommentaren<\/p>\n<p>Als Nutzer der Seite k\u00f6nnen Sie nach einer Anmeldung Kommentare abonnieren. Sie erhalten eine Best\u00e4tigungsemail, um zu pr\u00fcfen, ob Sie der Inhaber der angegebenen E-Mail-Adresse sind. Sie k\u00f6nnen diese Funktion jederzeit \u00fcber einen Link in den Info-Mails abbestellen.<\/p>\n<h3>Datenschutzerkl\u00e4rung f\u00fcr Facebook<\/h3>\n<p>Diese Website verwendet Funktionen von Facebook Inc., 1601 S. California Ave, Palo Alto, CA 94304, USA . Bei Aufruf unserer Seiten mit Facebook-Plug-Ins wird eine Verbindung zwischen Ihrem Browser und den Servern von Facebook aufgebaut. Dabei werden bereits Daten an Facebook \u00fcbertragen. Besitzen Sie einen Facebook-Account, k\u00f6nnen diese Daten damit verkn\u00fcpft werden. Wenn Sie keine Zuordnung dieser Daten zu Ihrem Facebook-Account w\u00fcnschen, loggen Sie sich bitte vor dem Besuch unserer Seite bei Facebook aus. Interaktionen, insbesondere das Nutzen einer Kommentarfunktion oder das Anklicken eines \u201eLike\u201c- oder \u201eTeilen\u201c-Buttons werden ebenfalls an Facebook weitergegeben. Mehr erfahren Sie unter <a href=\"https:\/\/de-de.facebook.com\/about\/privacy\" target=\"_blank\" rel=\"noopener\">https:\/\/de-de.facebook.com\/about\/privacy<\/a>.<\/p>\n<h3>Datenschutzerkl\u00e4rung f\u00fcr Instagram<\/h3>\n<p>Auf unserer Website sind Funktionen des Dienstes Instagram eingebunden. Diese Funktionen werden angeboten durch die Instagram Inc., 1601 Willow Road, Menlo Park, CA, 94025, USA integriert. Wenn Sie in Ihrem Instagram-Account eingeloggt sind k\u00f6nnen Sie durch Anklicken des Instagram-Buttons die Inhalte unserer Seiten mit Ihrem Instagram-Profil verlinken. Dadurch kann Instagram den Besuch unserer Seiten Ihrem Benutzerkonto zuordnen. Wir weisen darauf hin, dass wir als Anbieter der Seiten keine Kenntnis vom Inhalt der \u00fcbermittelten Daten sowie deren Nutzung durch Instagram erhalten.<\/p>\n<p>Weitere Informationen hierzu finden Sie in der Datenschutzerkl\u00e4rung von Instagram: <a href=\"https:\/\/instagram.com\/about\/legal\/privacy\/\" target=\"_blank\" rel=\"noopener\">http:\/\/instagram.com\/about\/legal\/privacy\/<\/a><\/p>\n<h3>Externe Zahlungsdienstleister<\/h3>\n<p>Diese Website setzt externe Zahlungsdienstleister ein, \u00fcber deren Plattformen die Nutzer und wir Zahlungstransaktionen vornehmen k\u00f6nnen. Zum Beispiel \u00fcber<\/p>\n<div>\u2022 PostFinance (https:\/\/www.postfinance.ch\/de\/detail\/rechtliches-barrierefreiheit.html)<\/div>\n<div>\u2022 Visa (https:\/\/www.visa.de\/nutzungsbedingungen\/visa-privacy-center.html)<\/div>\n<div>\u2022 Mastercard (https:\/\/www.mastercard.ch\/de-ch\/datenschutz.html)<\/div>\n<div>\u2022 American Express (https:\/\/www.americanexpress.com\/de\/content\/privacy-policy-statement.html)<\/div>\n<div>\u2022 Paypal (https:\/\/www.paypal.com\/de\/webapps\/mpp\/ua\/privacy-full)<\/div>\n<div>\u2022 Bexio AG (https:\/\/www.bexio.com\/de-CH\/datenschutz)<\/div>\n<div>\u2022 Payrexx AG (https:\/\/www.payrexx.ch\/site\/assets\/files\/2592\/datenschutzerklaerung.pdf)<\/div>\n<div>\u2022 Apple Pay (https:\/\/support.apple.com\/de-ch\/ht203027)<\/div>\n<div>\u2022 Stripe (https:\/\/stripe.com\/ch\/privacy)<\/div>\n<div>\u2022 Klarna (https:\/\/www.klarna.com\/de\/datenschutz\/)<\/div>\n<div>\u2022 Skrill (https:\/\/www.skrill.com\/de\/fusszeile\/datenschutzrichtlinie\/)<\/div>\n<div>\u2022 Giropay (https:\/\/www.giropay.de\/rechtliches\/datenschutz-agb\/) etc.<\/div>\n<p>Im Rahmen der Erf\u00fcllung von Vertr\u00e4gen setzen wir die Zahlungsdienstleister auf Grundlage der schweizerischen Datenschutzverordnung sowie und soweit n\u00f6tig, des Art. 6 Abs. 1 lit. b. EU-DSGVO ein. Im \u00dcbrigen setzen wir externe Zahlungsdienstleister auf Grundlage unserer berechtigten Interessen gem. schweizerischer Datenschutzverordnung sowie und soweit n\u00f6tig, gem. Art. 6 Abs. 1 lit. f. EU-DSGVO ein, um unseren Nutzern effektive und sichere Zahlungsm\u00f6glichkeit zu bieten.<\/p>\n<p>Zu den durch die Zahlungsdienstleister verarbeiteten Daten geh\u00f6ren Bestandsdaten, wie z.B. der Name und die Adresse, Bankdaten, wie u.a. Kontonummern oder Kreditkartennummern, Passw\u00f6rter, TANs und Pr\u00fcfsummen sowie die Vertrags-, Summen und empf\u00e4ngerbezogenen Angaben. Die Angaben sind erforderlich, um die Transaktionen durchzuf\u00fchren. Die eingegebenen Daten werden jedoch nur durch die Zahlungsdienstleister verarbeitet und bei diesen gespeichert. Wir als Betreiber erhalten keinerlei Informationen zu (Bank-) Konto oder Kreditkarte, sondern lediglich Informationen zur Best\u00e4tigung (Annahme) oder Ablehnung der Zahlung. Unter Umst\u00e4nden werden die Daten seitens der Zahlungsdienstleister an Wirtschaftsauskunfteien \u00fcbermittelt. Diese \u00dcbermittlung bezweckt die Identit\u00e4ts- und Bonit\u00e4tspr\u00fcfung. Hierzu verweisen wir auf die AGB und Datenschutzhinweise der Zahlungsdienstleister.<\/p>\n<p>F\u00fcr die Zahlungsgesch\u00e4fte gelten die Gesch\u00e4ftsbedingungen und die Datenschutzhinweise der jeweiligen Zahlungsdienstleister, welche innerhalb der jeweiligen Website, bzw. Transaktionsapplikationen abrufbar sind. Wir verweisen auf diese ebenfalls zwecks weiterer Informationen und Geltendmachung von Widerrufs-, Auskunfts- und anderen Betroffenenrechten.<\/p>\n<h3>Datenschutzerkl\u00e4rung f\u00fcr YouTube<\/h3>\n<p>Diese Website nutzt Plugins der von Google betriebenen Seite YouTube. Betreiber der Seiten ist die YouTube, LLC, 901 Cherry Ave., San Bruno, CA 94066, USA. Wenn Sie eine unserer mit einem YouTube-Plugin ausgestatteten Seiten besuchen, wird eine Verbindung zu den Servern von YouTube hergestellt. Dabei wird dem Youtube-Server mitgeteilt, welche unserer Seiten Sie besucht haben.<\/p>\n<p>Wenn Sie in Ihrem YouTube-Account eingeloggt sind erm\u00f6glichen Sie YouTube, Ihr Surfverhalten direkt Ihrem pers\u00f6nlichen Profil zuzuordnen. Dies k\u00f6nnen Sie verhindern, indem Sie sich aus Ihrem YouTube-Account ausloggen.<\/p>\n<p>Weitere Informationen zum Umgang von Nutzerdaten finden Sie in der Datenschutzerkl\u00e4rung von YouTube unter: <a href=\"https:\/\/www.google.de\/intl\/de\/policies\/privacy\" target=\"_blank\" rel=\"noopener\">https:\/\/www.google.de\/intl\/de\/policies\/privacy<\/a><\/p>\n<h3>Bestellabwicklung im Online-Shop mit Kundenkonto<\/h3>\n<p>Wir verarbeiten die Daten unserer Kunden gem. den datenschutzrechtlichen Bestimmungen des Bundes (Datenschutzgesetz, DSG) und der EU-DSGVO, im Rahmen der Bestellvorg\u00e4nge in unserem Onlineshop, um ihnen die Auswahl und die Bestellung der gew\u00e4hlten Produkte und Leistungen, sowie deren Bezahlung und Zustellung, bzw. Ausf\u00fchrung zu erm\u00f6glichen.<\/p>\n<p>Zu den verarbeiteten Daten geh\u00f6ren Stammdaten (Bestandsdaten), Kommunikationsdaten, Vertragsdaten, Zahlungsdaten und zu den von der Verarbeitung betroffenen Personen geh\u00f6ren unsere Kunden, Interessenten und sonstige Gesch\u00e4ftspartner. Die Verarbeitung erfolgt zum Zweck der Erbringung von Vertragsleistungen im Rahmen des Betriebs eines Onlineshops, Abrechnung, Auslieferung und der Kundenservices. Hierbei setzen wir Session Cookies, z.B. f\u00fcr die Speicherung des Warenkorb-Inhalts und permanente Cookies, z.B. f\u00fcr die Speicherung des Login-Status ein.<\/p>\n<p>Die Verarbeitung erfolgt auf Grundlage des Art. 6 Abs. 1 lit. b (Durchf\u00fchrung Bestellvorg\u00e4nge) und c (Gesetzlich erforderliche Archivierung) DSGVO. Dabei sind die als erforderlich gekennzeichneten Angaben zur Begr\u00fcndung und Erf\u00fcllung des Vertrages erforderlich. Die Daten offenbaren wir gegen\u00fcber Dritten nur im Rahmen der Auslieferung, Zahlung oder im Rahmen der gesetzlichen Erlaubnisse und Pflichten. Die Daten werden in Drittl\u00e4ndern nur dann verarbeitet, wenn dies zur Vertragserf\u00fcllung erforderlich ist (z.B. auf Kundenwunsch bei Auslieferung oder Zahlung).<\/p>\n<p>Nutzer k\u00f6nnen optional ein Nutzerkonto anlegen, indem sie insbesondere ihre Bestellungen einsehen k\u00f6nnen. Im Rahmen der Registrierung, werden die erforderlichen Pflichtangaben den Nutzern mitgeteilt. Die Nutzerkonten sind nicht \u00f6ffentlich und k\u00f6nnen von Suchmaschinen, z.B. Google, nicht indexiert werden. Wenn Nutzer ihr Nutzerkonto gek\u00fcndigt haben, werden deren Daten im Hinblick auf das Nutzerkonto gel\u00f6scht, vorbehaltlich deren Aufbewahrung ist aus handels- oder steuerrechtlichen Gr\u00fcnden entspr. Art. 6 Abs. 1 lit. c DSGVO notwendig. Angaben im Kundenkonto verbleiben bis zu deren L\u00f6schung mit anschliessender Archivierung im Fall einer rechtlichen Verpflichtung. Es obliegt den Nutzern, ihre Daten bei erfolgter K\u00fcndigung vor dem Vertragsende zu sichern.<\/p>\n<p>Im Rahmen der Registrierung und erneuter Anmeldungen sowie Inanspruchnahme unserer Onlinedienste, speichern wir die IP-Adresse und den Zeitpunkt der jeweiligen Nutzerhandlung. Die Speicherung erfolgt auf Grundlage unserer berechtigten Interessen, als auch der Nutzer an Schutz vor Missbrauch und sonstiger unbefugter Nutzung. Eine Weitergabe dieser Daten an Dritte erfolgt grunds\u00e4tzlich nicht, ausser sie ist zur Verfolgung unserer Anspr\u00fcche erforderlich oder es besteht hierzu eine gesetzliche Verpflichtung gem. Art. 6 Abs. 1 lit. c DSGVO.<\/p>\n<p>Die L\u00f6schung erfolgt nach Ablauf gesetzlicher Gew\u00e4hrleistungs- und vergleichbarer Pflichten, die Erforderlichkeit der Aufbewahrung der Daten wird in unregelm\u00e4ssigen Abst\u00e4nden \u00fcberpr\u00fcft. Im Fall der gesetzlichen Archivierungspflichten erfolgt die L\u00f6schung nach deren Ablauf.<\/p>\n<h3>Urheberrechte<\/h3>\n<p>Die Urheber- und alle anderen Rechte an Inhalten, Bildern, Fotos oder anderen Dateien auf der Website, geh\u00f6ren ausschliesslich dem Betreiber dieser Website oder den speziell genannten Rechteinhabern. F\u00fcr die Reproduktion von s\u00e4mtlichen Dateien, ist die schriftliche Zustimmung des Urheberrechtstr\u00e4gers im Voraus einzuholen.<\/p>\n<p>Wer ohne Einwilligung des jeweiligen Rechteinhabers eine Urheberrechtsverletzung begeht, kann sich strafbar und allenfalls schadenersatzpflichtig machen.<\/p>\n<h3>Allgemeiner Haftungsausschluss<\/h3>\n<p>Alle Angaben unseres Internetangebotes wurden sorgf\u00e4ltig gepr\u00fcft. Wir bem\u00fchen uns, unser Informationsangebot aktuell, inhaltlich richtig und vollst\u00e4ndig anzubieten. Trotzdem kann das Auftreten von Fehlern nicht v\u00f6llig ausgeschlossen werden, womit wir keine Garantie f\u00fcr Vollst\u00e4ndigkeit, Richtigkeit und Aktualit\u00e4t von Informationen auch journalistisch-redaktioneller Art \u00fcbernehmen k\u00f6nnen. Haftungsanspr\u00fcche aus Sch\u00e4den materieller oder ideeller Art, die durch die Nutzung der angebotenen Informationen verursacht wurden, sind ausgeschlossen, sofern kein nachweislich vors\u00e4tzliches oder grob fahrl\u00e4ssiges Verschulden vorliegt.<\/p>\n<p>Der Herausgeber kann nach eigenem Ermessen und ohne Ank\u00fcndigung Texte ver\u00e4ndern oder l\u00f6schen und ist nicht verpflichtet, Inhalte dieser Website zu aktualisieren. Die Benutzung bzw. der Zugang zu dieser Website geschieht auf eigene Gefahr des Besuchers. Der Herausgeber, seine Auftraggeber oder Partner sind nicht verantwortlich f\u00fcr Sch\u00e4den, wie direkte, indirekte, zuf\u00e4llige, vorab konkret zu bestimmende oder Folgesch\u00e4den, die angeblich durch den Besuch dieser Website entstanden sind und \u00fcbernehmen hierf\u00fcr folglich keine Haftung.<\/p>\n<p>Der Herausgeber \u00fcbernimmt ebenfalls keine Verantwortung und Haftung f\u00fcr die Inhalte und die Verf\u00fcgbarkeit von Website Dritter, die \u00fcber externe Links dieser Website erreichbar sind. F\u00fcr den Inhalt der verlinkten Seiten sind ausschliesslich deren Betreiber verantwortlich. Der Herausgeber distanziert sich damit ausdr\u00fccklich von allen Inhalten Dritter, die m\u00f6glicherweise straf- oder haftungsrechtlich relevant sind oder gegen die guten Sitten verstossen.<\/p>\n<h3>\u00c4nderungen<\/h3>\n<p>Wir k\u00f6nnen diese Datenschutzerkl\u00e4rung jederzeit ohne Vorank\u00fcndigung anpassen. Es gilt die jeweils aktuelle, auf unserer Website publizierte Fassung. Soweit die Datenschutzerkl\u00e4rung Teil einer Vereinbarung mit Ihnen ist, werden wir Sie im Falle einer Aktualisierung \u00fcber die \u00c4nderung per E-Mail oder auf andere geeignete Weise informieren.<\/p>\n<h3>Fragen an den Datenschutzbeauftragten<\/h3>\n<p>Wenn Sie Fragen zum Datenschutz haben, schreiben Sie uns bitte eine E-Mail oder wenden Sie sich direkt an die f\u00fcr den Datenschutz zu Beginn der Datenschutzerkl\u00e4rung aufgef\u00fchrten, verantwortlichen Person in unserer Organisation.<\/p>\n<p>Z\u00fcrich, 01.03.2021<\/p>\n<p>Quelle: <a href=\"https:\/\/www.swissanwalt.ch\/\" target=\"_blank\" rel=\"noopener\">SwissAnwalt<\/a><\/p>\n","protected":false},"excerpt":{"rendered":"<p>Datenschutzerkl\u00e4rung Verantwortliche Stelle im Sinne der Datenschutzgesetze, insbesondere der EU-Datenschutzgrundverordnung (DSGVO), ist Central Jewellery AG, 8001 Zurich Allgemeiner Hinweis Gest\u00fctzt auf Artikel 13 der schweizerischen Bundesverfassung und die datenschutzrechtlichen Bestimmungen des Bundes (Datenschutzgesetz, DSG) hat jede Person Anspruch auf Schutz ihrer Privatsph\u00e4re sowie auf Schutz vor Missbrauch ihrer pers\u00f6nlichen Daten. Die Betreiber dieser Seiten nehmen [&hellip;]<\/p>\n","protected":false},"author":1,"featured_media":0,"parent":0,"menu_order":0,"comment_status":"closed","ping_status":"closed","template":"","meta":{"inline_featured_image":false,"footnotes":""},"class_list":["post-3","page","type-page","status-publish","hentry","post-item"],"_links":{"self":[{"href":"https:\/\/michaelbern.com\/de\/wp-json\/wp\/v2\/pages\/3","targetHints":{"allow":["GET"]}}],"collection":[{"href":"https:\/\/michaelbern.com\/de\/wp-json\/wp\/v2\/pages"}],"about":[{"href":"https:\/\/michaelbern.com\/de\/wp-json\/wp\/v2\/types\/page"}],"author":[{"embeddable":true,"href":"https:\/\/michaelbern.com\/de\/wp-json\/wp\/v2\/users\/1"}],"replies":[{"embeddable":true,"href":"https:\/\/michaelbern.com\/de\/wp-json\/wp\/v2\/comments?post=3"}],"version-history":[{"count":7,"href":"https:\/\/michaelbern.com\/de\/wp-json\/wp\/v2\/pages\/3\/revisions"}],"predecessor-version":[{"id":4483,"href":"https:\/\/michaelbern.com\/de\/wp-json\/wp\/v2\/pages\/3\/revisions\/4483"}],"wp:attachment":[{"href":"https:\/\/michaelbern.com\/de\/wp-json\/wp\/v2\/media?parent=3"}],"curies":[{"name":"wp","href":"https:\/\/api.w.org\/{rel}","templated":true}]}}